{"id":1976,"date":"2022-08-18T12:40:55","date_gmt":"2022-08-18T12:40:55","guid":{"rendered":"http:\/\/hrvatska-udruga-kristalografa.hr\/htcc5\/?page_id=1976"},"modified":"2022-08-18T12:40:55","modified_gmt":"2022-08-18T12:40:55","slug":"payments-shipments","status":"publish","type":"page","link":"https:\/\/hrvatska-udruga-kristalografa.hr\/htcc5\/payments-shipments\/","title":{"rendered":"Payments &#038; Shipments"},"content":{"rendered":"<h2 style=\"text-align: justify;\"><span style=\"font-size: 14pt;\">Payments by bank transfer<\/span><\/h2>\n<p><i>Bank name and address<\/i>: Erste &amp; Steierm\u00e4rkische bank dd, Jadranski trg 3a, 51000 Rijeka, Croatia<br \/>\n<i>Account owner<\/i>: Hrvatska udruga kristalografa, Bijeni\u010dka 54, 10000 Zagreb, Croatia<br \/>\n<strong>IBAN<\/strong>: HR1524020061100637321<br \/>\n<strong>SWIFT\/BIC<\/strong>: ESBCHR22<br \/>\n<b>VAT<\/b>: HR47378791658<\/p>\n<h2><span style=\"font-size: 14pt;\">Shipments<\/span><\/h2>\n<p><em>Small boxes containing promotional material are to be shipped at latest by 16\/03\/2023 to:<\/em><\/p>\n<p>Croatian Association of Crystallographers<br \/>\nBijeni\u010dka cesta 54<br \/>\nHR-10000 Zagreb<br \/>\nCroatia<\/p>\n<p><em>Large shipments (booth equipment, demo devices and similar) is to be shipped to arrive between 07\/04\/2023 and 14\/04\/2023 to:<\/em><\/p>\n<p>Hotel Sheraton<br \/>\n(<em>attn<\/em>. to Ms. Ivana Muhoberac, <em>phone<\/em> +385 99 329 59 09 , <em>e-mail<\/em>: <a href=\"mailto:ivana.muhoberac@hup-zagreb.hr\">ivana.muhoberac@hup-zagreb.hr<\/a>)<br \/>\n\u0160etali\u0161te dr. F. Tu\u0111mana 17<br \/>\nHR-20207 Srebreno Mlini<br \/>\nCroatia<\/p>\n<p><em>For the purpose of customs formalities (only if you are shipping from outside the EU\/EEA), importer of the temporarily imported equipment is:<\/em><br \/>\nHrvatska udruga kristalografa<br \/>\nBijeni\u010dka 54<br \/>\n10000 Zagreb<br \/>\nEORI No. HR47378791658<\/p>\n","protected":false},"excerpt":{"rendered":"<p>Payments by bank transfer Bank name and address: Erste &amp; Steierm\u00e4rkische bank dd, Jadranski trg 3a, 51000 Rijeka, Croatia Account owner: Hrvatska udruga kristalografa, Bijeni\u010dka 54, 10000 Zagreb, Croatia IBAN: HR1524020061100637321 SWIFT\/BIC: ESBCHR22 VAT: HR47378791658 Shipments Small boxes containing promotional material are to be shipped at latest by 16\/03\/2023 to: Croatian Association of Crystallographers Bijeni\u010dka [&hellip;]<\/p>\n","protected":false},"author":2,"featured_media":0,"parent":0,"menu_order":0,"comment_status":"closed","ping_status":"closed","template":"","meta":{"ngg_post_thumbnail":0,"footnotes":""},"class_list":["post-1976","page","type-page","status-publish","hentry"],"aioseo_notices":[],"_links":{"self":[{"href":"https:\/\/hrvatska-udruga-kristalografa.hr\/htcc5\/wp-json\/wp\/v2\/pages\/1976","targetHints":{"allow":["GET"]}}],"collection":[{"href":"https:\/\/hrvatska-udruga-kristalografa.hr\/htcc5\/wp-json\/wp\/v2\/pages"}],"about":[{"href":"https:\/\/hrvatska-udruga-kristalografa.hr\/htcc5\/wp-json\/wp\/v2\/types\/page"}],"author":[{"embeddable":true,"href":"https:\/\/hrvatska-udruga-kristalografa.hr\/htcc5\/wp-json\/wp\/v2\/users\/2"}],"replies":[{"embeddable":true,"href":"https:\/\/hrvatska-udruga-kristalografa.hr\/htcc5\/wp-json\/wp\/v2\/comments?post=1976"}],"version-history":[{"count":1,"href":"https:\/\/hrvatska-udruga-kristalografa.hr\/htcc5\/wp-json\/wp\/v2\/pages\/1976\/revisions"}],"predecessor-version":[{"id":2229,"href":"https:\/\/hrvatska-udruga-kristalografa.hr\/htcc5\/wp-json\/wp\/v2\/pages\/1976\/revisions\/2229"}],"wp:attachment":[{"href":"https:\/\/hrvatska-udruga-kristalografa.hr\/htcc5\/wp-json\/wp\/v2\/media?parent=1976"}],"curies":[{"name":"wp","href":"https:\/\/api.w.org\/{rel}","templated":true}]}}