{"id":25,"date":"2022-05-18T10:39:12","date_gmt":"2022-05-18T10:39:12","guid":{"rendered":"http:\/\/hrvatska-udruga-kristalografa.hr\/htcc5\/?page_id=25"},"modified":"2023-08-31T17:43:48","modified_gmt":"2023-08-31T17:43:48","slug":"lecturers","status":"publish","type":"page","link":"https:\/\/hrvatska-udruga-kristalografa.hr\/htcc5\/lecturers\/","title":{"rendered":"Lecturers"},"content":{"rendered":"\n\n<div class=\"ngg-galleryoverview ngg-slideshow\"\n\t id=\"ngg-slideshow-afeebf76cd4585911c3f7e39909286cb-11982210230\"\n     data-gallery-id=\"afeebf76cd4585911c3f7e39909286cb\"\n     style=\"max-width: 1100px; max-height: 300px;\">\n\n \t<div id=\"ngg-image-0\" class=\"ngg-gallery-slideshow-image\" style=\"height:300px\">\n\n        <a href=\"https:\/\/hrvatska-udruga-kristalografa.hr\/htcc5\/wp-content\/gallery\/banner\/1_wo_HTTC5_1100px300px.jpg\"\n           title=\"\"\n           data-src=\"https:\/\/hrvatska-udruga-kristalografa.hr\/htcc5\/wp-content\/gallery\/banner\/1_wo_HTTC5_1100px300px.jpg\"\n           data-thumbnail=\"https:\/\/hrvatska-udruga-kristalografa.hr\/htcc5\/wp-content\/gallery\/banner\/thumbs\/thumbs_1_wo_HTTC5_1100px300px.jpg\"\n           data-image-id=\"153\"\n           data-title=\"1_wo_HTTC5_1100px300px\"\n           data-description=\"\"\n           class=\"ngg-simplelightbox\" rel=\"afeebf76cd4585911c3f7e39909286cb\">\n\n            <img data-image-id='153'\n                 title=\"\"\n                 alt=\"1_wo_HTTC5_1100px300px\"\n                 src=\"https:\/\/hrvatska-udruga-kristalografa.hr\/htcc5\/wp-content\/gallery\/banner\/1_wo_HTTC5_1100px300px.jpg\"\n                 style=\"max-height: 280px;\"\/>\n        <\/a>\n\n        <\/div> \n<div id=\"ngg-image-1\" class=\"ngg-gallery-slideshow-image\" style=\"height:300px\">\n\n        <a href=\"https:\/\/hrvatska-udruga-kristalografa.hr\/htcc5\/wp-content\/gallery\/banner\/NTB-Web-Banner-HTCC5.png\"\n           title=\"\"\n           data-src=\"https:\/\/hrvatska-udruga-kristalografa.hr\/htcc5\/wp-content\/gallery\/banner\/NTB-Web-Banner-HTCC5.png\"\n           data-thumbnail=\"https:\/\/hrvatska-udruga-kristalografa.hr\/htcc5\/wp-content\/gallery\/banner\/thumbs\/thumbs_NTB-Web-Banner-HTCC5.png\"\n           data-image-id=\"154\"\n           data-title=\"2nd version nt8 - 1\"\n           data-description=\"\"\n           class=\"ngg-simplelightbox\" rel=\"afeebf76cd4585911c3f7e39909286cb\">\n\n            <img data-image-id='154'\n                 title=\"\"\n                 alt=\"2nd version nt8 - 1\"\n                 src=\"https:\/\/hrvatska-udruga-kristalografa.hr\/htcc5\/wp-content\/gallery\/banner\/NTB-Web-Banner-HTCC5.png\"\n                 style=\"max-height: 280px;\"\/>\n        <\/a>\n\n        <\/div> \n<div id=\"ngg-image-2\" class=\"ngg-gallery-slideshow-image\" style=\"height:300px\">\n\n        <a href=\"https:\/\/hrvatska-udruga-kristalografa.hr\/htcc5\/wp-content\/gallery\/banner\/1100x300_Banner_X-ray-Analysis-Solutions.jpg\"\n           title=\"\"\n           data-src=\"https:\/\/hrvatska-udruga-kristalografa.hr\/htcc5\/wp-content\/gallery\/banner\/1100x300_Banner_X-ray-Analysis-Solutions.jpg\"\n           data-thumbnail=\"https:\/\/hrvatska-udruga-kristalografa.hr\/htcc5\/wp-content\/gallery\/banner\/thumbs\/thumbs_1100x300_Banner_X-ray-Analysis-Solutions.jpg\"\n           data-image-id=\"155\"\n           data-title=\"1100x300_Banner_X-ray-Analysis-Solutions\"\n           data-description=\"\"\n           class=\"ngg-simplelightbox\" rel=\"afeebf76cd4585911c3f7e39909286cb\">\n\n            <img data-image-id='155'\n                 title=\"\"\n                 alt=\"1100x300_Banner_X-ray-Analysis-Solutions\"\n                 src=\"https:\/\/hrvatska-udruga-kristalografa.hr\/htcc5\/wp-content\/gallery\/banner\/1100x300_Banner_X-ray-Analysis-Solutions.jpg\"\n                 style=\"max-height: 280px;\"\/>\n        <\/a>\n\n        <\/div> \n<div id=\"ngg-image-3\" class=\"ngg-gallery-slideshow-image\" style=\"height:300px\">\n\n        <a href=\"https:\/\/hrvatska-udruga-kristalografa.hr\/htcc5\/wp-content\/gallery\/banner\/ban2.jpg\"\n           title=\"\"\n           data-src=\"https:\/\/hrvatska-udruga-kristalografa.hr\/htcc5\/wp-content\/gallery\/banner\/ban2.jpg\"\n           data-thumbnail=\"https:\/\/hrvatska-udruga-kristalografa.hr\/htcc5\/wp-content\/gallery\/banner\/thumbs\/thumbs_ban2.jpg\"\n           data-image-id=\"127\"\n           data-title=\"ban2\"\n           data-description=\"\"\n           class=\"ngg-simplelightbox\" rel=\"afeebf76cd4585911c3f7e39909286cb\">\n\n            <img data-image-id='127'\n                 title=\"\"\n                 alt=\"ban2\"\n                 src=\"https:\/\/hrvatska-udruga-kristalografa.hr\/htcc5\/wp-content\/gallery\/banner\/ban2.jpg\"\n                 style=\"max-height: 280px;\"\/>\n        <\/a>\n\n        <\/div> \n<div id=\"ngg-image-4\" class=\"ngg-gallery-slideshow-image\" style=\"height:300px\">\n\n        <a href=\"https:\/\/hrvatska-udruga-kristalografa.hr\/htcc5\/wp-content\/gallery\/banner\/ban1.jpg\"\n           title=\"\"\n           data-src=\"https:\/\/hrvatska-udruga-kristalografa.hr\/htcc5\/wp-content\/gallery\/banner\/ban1.jpg\"\n           data-thumbnail=\"https:\/\/hrvatska-udruga-kristalografa.hr\/htcc5\/wp-content\/gallery\/banner\/thumbs\/thumbs_ban1.jpg\"\n           data-image-id=\"128\"\n           data-title=\"ban1\"\n           data-description=\"\"\n           class=\"ngg-simplelightbox\" rel=\"afeebf76cd4585911c3f7e39909286cb\">\n\n            <img data-image-id='128'\n                 title=\"\"\n                 alt=\"ban1\"\n                 src=\"https:\/\/hrvatska-udruga-kristalografa.hr\/htcc5\/wp-content\/gallery\/banner\/ban1.jpg\"\n                 style=\"max-height: 280px;\"\/>\n        <\/a>\n\n        <\/div> \n<div id=\"ngg-image-5\" class=\"ngg-gallery-slideshow-image\" style=\"height:300px\">\n\n        <a href=\"https:\/\/hrvatska-udruga-kristalografa.hr\/htcc5\/wp-content\/gallery\/banner\/ban4.jpg\"\n           title=\"\"\n           data-src=\"https:\/\/hrvatska-udruga-kristalografa.hr\/htcc5\/wp-content\/gallery\/banner\/ban4.jpg\"\n           data-thumbnail=\"https:\/\/hrvatska-udruga-kristalografa.hr\/htcc5\/wp-content\/gallery\/banner\/thumbs\/thumbs_ban4.jpg\"\n           data-image-id=\"129\"\n           data-title=\"ban4\"\n           data-description=\"\"\n           class=\"ngg-simplelightbox\" rel=\"afeebf76cd4585911c3f7e39909286cb\">\n\n            <img data-image-id='129'\n                 title=\"\"\n                 alt=\"ban4\"\n                 src=\"https:\/\/hrvatska-udruga-kristalografa.hr\/htcc5\/wp-content\/gallery\/banner\/ban4.jpg\"\n                 style=\"max-height: 280px;\"\/>\n        <\/a>\n\n        <\/div> \n<\/div>\n\n\n\n\n<p><strong><img loading=\"lazy\" decoding=\"async\" class=\"size-thumbnail wp-image-1258 alignleft\" src=\"http:\/\/hrvatska-udruga-kristalografa.hr\/htcc5\/wp-content\/uploads\/2022\/06\/me_2_2019-scaled-e1655926668893-150x150.jpg\" alt=\"\" width=\"150\" height=\"150\" srcset=\"https:\/\/hrvatska-udruga-kristalografa.hr\/htcc5\/wp-content\/uploads\/2022\/06\/me_2_2019-scaled-e1655926668893-150x150.jpg 150w, https:\/\/hrvatska-udruga-kristalografa.hr\/htcc5\/wp-content\/uploads\/2022\/06\/me_2_2019-scaled-e1655926668893-1014x1024.jpg 1014w, https:\/\/hrvatska-udruga-kristalografa.hr\/htcc5\/wp-content\/uploads\/2022\/06\/me_2_2019-scaled-e1655926668893-768x775.jpg 768w, https:\/\/hrvatska-udruga-kristalografa.hr\/htcc5\/wp-content\/uploads\/2022\/06\/me_2_2019-scaled-e1655926668893-400x400.jpg 400w, https:\/\/hrvatska-udruga-kristalografa.hr\/htcc5\/wp-content\/uploads\/2022\/06\/me_2_2019-scaled-e1655926668893-100x100.jpg 100w, https:\/\/hrvatska-udruga-kristalografa.hr\/htcc5\/wp-content\/uploads\/2022\/06\/me_2_2019-scaled-e1655926668893.jpg 1280w\" sizes=\"auto, (max-width: 150px) 100vw, 150px\" \/><a href=\"https:\/\/xray.teresebergfors.com\/\" target=\"_blank\" rel=\"noopener\">prof. Terese Bergfors<\/a><\/strong>(<strong><em>HT1<\/em><\/strong>)<\/p>\n<p>Uppsala University, Dept of Cell and Molecular Biology<\/p>\n<p>Uppsala, Sweden<\/p>\n<p>&nbsp;<\/p>\n<p><img loading=\"lazy\" decoding=\"async\" class=\"wp-image-445 size-thumbnail alignleft\" src=\"http:\/\/hrvatska-udruga-kristalografa.hr\/htcc5\/wp-content\/uploads\/2022\/06\/abuhammad-scaled-e1654789404234-150x150.jpg\" alt=\"\" width=\"150\" height=\"150\"><\/p>\n<p><strong>prof. Areej Abuhammad <\/strong>(<strong><em>HT1<\/em><\/strong>)<\/p>\n<p>The University of Jordan, Faculty of Pharmacy<\/p>\n<p>Amman, Jordan<\/p>\n<p>&nbsp;<\/p>\n<p style=\"text-align: left;\"><strong><img loading=\"lazy\" decoding=\"async\" class=\"wp-image-613 size-thumbnail alignleft\" src=\"http:\/\/hrvatska-udruga-kristalografa.hr\/htcc5\/wp-content\/uploads\/2022\/06\/Elspeth-Garman016-scaled-e1655407594854-150x150.jpg\" alt=\"\" width=\"150\" height=\"150\" srcset=\"https:\/\/hrvatska-udruga-kristalografa.hr\/htcc5\/wp-content\/uploads\/2022\/06\/Elspeth-Garman016-scaled-e1655407594854-150x150.jpg 150w, https:\/\/hrvatska-udruga-kristalografa.hr\/htcc5\/wp-content\/uploads\/2022\/06\/Elspeth-Garman016-scaled-e1655407594854-300x300.jpg 300w, https:\/\/hrvatska-udruga-kristalografa.hr\/htcc5\/wp-content\/uploads\/2022\/06\/Elspeth-Garman016-scaled-e1655407594854-1024x1024.jpg 1024w, https:\/\/hrvatska-udruga-kristalografa.hr\/htcc5\/wp-content\/uploads\/2022\/06\/Elspeth-Garman016-scaled-e1655407594854-768x768.jpg 768w, https:\/\/hrvatska-udruga-kristalografa.hr\/htcc5\/wp-content\/uploads\/2022\/06\/Elspeth-Garman016-scaled-e1655407594854-1536x1536.jpg 1536w, https:\/\/hrvatska-udruga-kristalografa.hr\/htcc5\/wp-content\/uploads\/2022\/06\/Elspeth-Garman016-scaled-e1655407594854-400x400.jpg 400w, https:\/\/hrvatska-udruga-kristalografa.hr\/htcc5\/wp-content\/uploads\/2022\/06\/Elspeth-Garman016-scaled-e1655407594854-100x100.jpg 100w, https:\/\/hrvatska-udruga-kristalografa.hr\/htcc5\/wp-content\/uploads\/2022\/06\/Elspeth-Garman016-scaled-e1655407594854.jpg 1610w\" sizes=\"auto, (max-width: 150px) 100vw, 150px\" \/><a href=\"https:\/\/www.ox.ac.uk\/news-and-events\/find-an-expert\/professor-elspeth-garman\" target=\"_blank\" rel=\"noopener\">prof. Elspeth Garman<\/a> <\/strong>(<strong><em>HT1<\/em><\/strong>)<\/p>\n<p>The University of Oxford, Department of Biochemistry,<\/p>\n<p>Oxford, UK<\/p>\n<p>&nbsp;<\/p>\n<p><img loading=\"lazy\" decoding=\"async\" class=\"alignleft size-thumbnail wp-image-2256\" src=\"http:\/\/hrvatska-udruga-kristalografa.hr\/htcc5\/wp-content\/uploads\/2022\/10\/mc-mug-shot-150x150.jpg\" alt=\"\" width=\"150\" height=\"150\" srcset=\"https:\/\/hrvatska-udruga-kristalografa.hr\/htcc5\/wp-content\/uploads\/2022\/10\/mc-mug-shot-150x150.jpg 150w, https:\/\/hrvatska-udruga-kristalografa.hr\/htcc5\/wp-content\/uploads\/2022\/10\/mc-mug-shot-400x400.jpg 400w, https:\/\/hrvatska-udruga-kristalografa.hr\/htcc5\/wp-content\/uploads\/2022\/10\/mc-mug-shot-100x100.jpg 100w\" sizes=\"auto, (max-width: 150px) 100vw, 150px\" \/><\/p>\n<p><a href=\"https:\/\/www.tcd.ie\/Biochemistry\/research\/caffrey\/\"><strong>prof. Martin Caffrey (<em>HT1<\/em>)<\/strong><\/a><\/p>\n<p>Trinity College Dublin, School of Biochemistry and Immunology<\/p>\n<p>Dublin, Ireland<\/p>\n<p>&nbsp;<\/p>\n<hr>\n<p><strong><img loading=\"lazy\" decoding=\"async\" class=\"size-thumbnail wp-image-1158 alignleft\" src=\"http:\/\/hrvatska-udruga-kristalografa.hr\/htcc5\/wp-content\/uploads\/2022\/06\/2021-03-24-09.39.15-scaled-e1655748676200-150x150.jpg\" alt=\"\" width=\"150\" height=\"150\" srcset=\"https:\/\/hrvatska-udruga-kristalografa.hr\/htcc5\/wp-content\/uploads\/2022\/06\/2021-03-24-09.39.15-scaled-e1655748676200-150x150.jpg 150w, https:\/\/hrvatska-udruga-kristalografa.hr\/htcc5\/wp-content\/uploads\/2022\/06\/2021-03-24-09.39.15-scaled-e1655748676200-300x300.jpg 300w, https:\/\/hrvatska-udruga-kristalografa.hr\/htcc5\/wp-content\/uploads\/2022\/06\/2021-03-24-09.39.15-scaled-e1655748676200-1024x1024.jpg 1024w, https:\/\/hrvatska-udruga-kristalografa.hr\/htcc5\/wp-content\/uploads\/2022\/06\/2021-03-24-09.39.15-scaled-e1655748676200-768x768.jpg 768w, https:\/\/hrvatska-udruga-kristalografa.hr\/htcc5\/wp-content\/uploads\/2022\/06\/2021-03-24-09.39.15-scaled-e1655748676200-400x400.jpg 400w, https:\/\/hrvatska-udruga-kristalografa.hr\/htcc5\/wp-content\/uploads\/2022\/06\/2021-03-24-09.39.15-scaled-e1655748676200-100x100.jpg 100w, https:\/\/hrvatska-udruga-kristalografa.hr\/htcc5\/wp-content\/uploads\/2022\/06\/2021-03-24-09.39.15-scaled-e1655748676200.jpg 1452w\" sizes=\"auto, (max-width: 150px) 100vw, 150px\" \/>dr. Edward Lowe <\/strong>(<strong><em>HT2<\/em><\/strong>)<\/p>\n<p>The University of Oxford, Department of Biochemistry<\/p>\n<p>Oxford, UK<\/p>\n<p>&nbsp;<\/p>\n<p><strong><img loading=\"lazy\" decoding=\"async\" class=\"alignleft size-thumbnail wp-image-1260\" src=\"http:\/\/hrvatska-udruga-kristalografa.hr\/htcc5\/wp-content\/uploads\/2022\/06\/5515-3180-scaled-e1655927009758-150x150.jpg\" alt=\"\" width=\"150\" height=\"150\" srcset=\"https:\/\/hrvatska-udruga-kristalografa.hr\/htcc5\/wp-content\/uploads\/2022\/06\/5515-3180-scaled-e1655927009758-150x150.jpg 150w, https:\/\/hrvatska-udruga-kristalografa.hr\/htcc5\/wp-content\/uploads\/2022\/06\/5515-3180-scaled-e1655927009758-300x300.jpg 300w, https:\/\/hrvatska-udruga-kristalografa.hr\/htcc5\/wp-content\/uploads\/2022\/06\/5515-3180-scaled-e1655927009758-768x768.jpg 768w, https:\/\/hrvatska-udruga-kristalografa.hr\/htcc5\/wp-content\/uploads\/2022\/06\/5515-3180-scaled-e1655927009758-400x400.jpg 400w, https:\/\/hrvatska-udruga-kristalografa.hr\/htcc5\/wp-content\/uploads\/2022\/06\/5515-3180-scaled-e1655927009758-100x100.jpg 100w, https:\/\/hrvatska-udruga-kristalografa.hr\/htcc5\/wp-content\/uploads\/2022\/06\/5515-3180-scaled-e1655927009758.jpg 1011w\" sizes=\"auto, (max-width: 150px) 100vw, 150px\" \/>dr. Eugene Krissinel <\/strong>(<strong><em>HT2<\/em><\/strong>)<\/p>\n<p>Science and Technology Facilities Council, CCP4 core group<\/p>\n<p>Oxford, UK<\/p>\n<p>&nbsp;<\/p>\n<p><img loading=\"lazy\" decoding=\"async\" class=\"size-thumbnail wp-image-1765 alignleft\" src=\"http:\/\/hrvatska-udruga-kristalografa.hr\/htcc5\/wp-content\/uploads\/2022\/07\/nicholls-1-150x150.png\" alt=\"\" width=\"150\" height=\"150\" srcset=\"https:\/\/hrvatska-udruga-kristalografa.hr\/htcc5\/wp-content\/uploads\/2022\/07\/nicholls-1-150x150.png 150w, https:\/\/hrvatska-udruga-kristalografa.hr\/htcc5\/wp-content\/uploads\/2022\/07\/nicholls-1-100x100.png 100w, https:\/\/hrvatska-udruga-kristalografa.hr\/htcc5\/wp-content\/uploads\/2022\/07\/nicholls-1.png 300w\" sizes=\"auto, (max-width: 150px) 100vw, 150px\" \/><\/p>\n<p><a href=\"https:\/\/www2.mrc-lmb.cam.ac.uk\/groups\/murshudov\/\" target=\"_blank\" rel=\"noopener\"><strong>dr. Rob Nicholls<\/strong><\/a> (<em><strong>HT2<\/strong><\/em>)<\/p>\n<p>MRC Laboratory of Molecular Biology<\/p>\n<p>Cambridge Biomedical Campus, UK<\/p>\n<p>&nbsp;<\/p>\n<p><img loading=\"lazy\" decoding=\"async\" class=\"wp-image-1789 size-thumbnail alignleft\" src=\"http:\/\/hrvatska-udruga-kristalografa.hr\/htcc5\/wp-content\/uploads\/2022\/07\/M.-Fando-scaled-e1658296478703-150x150.jpg\" alt=\"\" width=\"150\" height=\"150\" srcset=\"https:\/\/hrvatska-udruga-kristalografa.hr\/htcc5\/wp-content\/uploads\/2022\/07\/M.-Fando-scaled-e1658296478703-150x150.jpg 150w, https:\/\/hrvatska-udruga-kristalografa.hr\/htcc5\/wp-content\/uploads\/2022\/07\/M.-Fando-scaled-e1658296478703-400x400.jpg 400w, https:\/\/hrvatska-udruga-kristalografa.hr\/htcc5\/wp-content\/uploads\/2022\/07\/M.-Fando-scaled-e1658296478703-100x100.jpg 100w\" sizes=\"auto, (max-width: 150px) 100vw, 150px\" \/><a href=\"https:\/\/www.linkedin.com\/in\/maria-fando-239b371b7\/?originalSubdomain=uk\" target=\"_blank\" rel=\"noopener\"><strong>dr.<\/strong> <strong>Maria Fando<\/strong><\/a>, tutor (<em><strong>HT2<\/strong><\/em>)<\/p>\n<p>CCP4 core group, UK<\/p>\n<p>&nbsp;<\/p>\n<p>&nbsp;<\/p>\n<hr>\n<p style=\"text-align: left;\"><img loading=\"lazy\" decoding=\"async\" class=\"alignleft size-thumbnail wp-image-1908\" src=\"http:\/\/hrvatska-udruga-kristalografa.hr\/htcc5\/wp-content\/uploads\/2022\/07\/armstrong-150x150.jpg\" alt=\"\" width=\"150\" height=\"150\" srcset=\"https:\/\/hrvatska-udruga-kristalografa.hr\/htcc5\/wp-content\/uploads\/2022\/07\/armstrong-150x150.jpg 150w, https:\/\/hrvatska-udruga-kristalografa.hr\/htcc5\/wp-content\/uploads\/2022\/07\/armstrong-300x300.jpg 300w, https:\/\/hrvatska-udruga-kristalografa.hr\/htcc5\/wp-content\/uploads\/2022\/07\/armstrong-400x400.jpg 400w, https:\/\/hrvatska-udruga-kristalografa.hr\/htcc5\/wp-content\/uploads\/2022\/07\/armstrong-100x100.jpg 100w, https:\/\/hrvatska-udruga-kristalografa.hr\/htcc5\/wp-content\/uploads\/2022\/07\/armstrong.jpg 510w\" sizes=\"auto, (max-width: 150px) 100vw, 150px\" \/><strong>dr. David Armstrong <\/strong>(<strong><em>HT3<\/em><\/strong>)<\/p>\n<p style=\"text-align: left;\">Protein Data Bank in Europe (PDBe)<\/p>\n<p style=\"text-align: left;\">European Bioinformatics Institute (EMBL-EBI)<\/p>\n<p>&nbsp;<\/p>\n<p><img loading=\"lazy\" decoding=\"async\" class=\"size-thumbnail wp-image-2017 alignleft\" src=\"http:\/\/hrvatska-udruga-kristalografa.hr\/htcc5\/wp-content\/uploads\/2022\/08\/rchikhale-1-150x150.jpg\" alt=\"\" width=\"150\" height=\"150\" srcset=\"https:\/\/hrvatska-udruga-kristalografa.hr\/htcc5\/wp-content\/uploads\/2022\/08\/rchikhale-1-150x150.jpg 150w, https:\/\/hrvatska-udruga-kristalografa.hr\/htcc5\/wp-content\/uploads\/2022\/08\/rchikhale-1-400x400.jpg 400w, https:\/\/hrvatska-udruga-kristalografa.hr\/htcc5\/wp-content\/uploads\/2022\/08\/rchikhale-1-100x100.jpg 100w\" sizes=\"auto, (max-width: 150px) 100vw, 150px\" \/><\/p>\n<p><strong>dr. Rupesh Chikhale <\/strong>(<em><strong>HT3<\/strong><\/em>)<\/p>\n<p>Research and Application Scientist at the Cambridge Crystallographic Data Centre<\/p>\n<p>Cambridge, UK<\/p>\n<p>&nbsp;<\/p>\n<p><img loading=\"lazy\" decoding=\"async\" class=\"alignleft size-thumbnail wp-image-2403\" src=\"http:\/\/hrvatska-udruga-kristalografa.hr\/htcc5\/wp-content\/uploads\/2023\/02\/Fabio-Montisci-e1676835578622-150x150.jpg\" alt=\"\" width=\"150\" height=\"150\" srcset=\"https:\/\/hrvatska-udruga-kristalografa.hr\/htcc5\/wp-content\/uploads\/2023\/02\/Fabio-Montisci-e1676835578622-150x150.jpg 150w, https:\/\/hrvatska-udruga-kristalografa.hr\/htcc5\/wp-content\/uploads\/2023\/02\/Fabio-Montisci-e1676835578622-300x300.jpg 300w, https:\/\/hrvatska-udruga-kristalografa.hr\/htcc5\/wp-content\/uploads\/2023\/02\/Fabio-Montisci-e1676835578622-1024x1024.jpg 1024w, https:\/\/hrvatska-udruga-kristalografa.hr\/htcc5\/wp-content\/uploads\/2023\/02\/Fabio-Montisci-e1676835578622-768x769.jpg 768w, https:\/\/hrvatska-udruga-kristalografa.hr\/htcc5\/wp-content\/uploads\/2023\/02\/Fabio-Montisci-e1676835578622-400x400.jpg 400w, https:\/\/hrvatska-udruga-kristalografa.hr\/htcc5\/wp-content\/uploads\/2023\/02\/Fabio-Montisci-e1676835578622-100x100.jpg 100w, https:\/\/hrvatska-udruga-kristalografa.hr\/htcc5\/wp-content\/uploads\/2023\/02\/Fabio-Montisci-e1676835578622.jpg 1500w\" sizes=\"auto, (max-width: 150px) 100vw, 150px\" \/><\/p>\n<p><strong>dr. Fabio Montisci<\/strong> <strong>(<em>HT3<\/em>)<\/strong><\/p>\n<p>Research Associate at the Cambridge Crystallographic Data Centre<\/p>\n<p>Cambridge, UK&nbsp;<\/p>\n<p>&nbsp;<\/p>\n<hr>\n<p style=\"text-align: left;\"><strong><img loading=\"lazy\" decoding=\"async\" class=\"wp-image-446 alignleft\" src=\"http:\/\/hrvatska-udruga-kristalografa.hr\/htcc5\/wp-content\/uploads\/2022\/06\/stefanic-134x150.jpg\" alt=\"\" width=\"150\" height=\"158\"><\/strong><\/p>\n<p style=\"text-align: left;\"><a href=\"https:\/\/www.irb.hr\/eng\/About-RBI\/People\/Zoran-Stefanic\" target=\"_blank\" rel=\"noopener\"><strong>dr. Zoran \u0160tefani\u0107<\/strong><\/a> (<em><strong>HT4<\/strong><\/em>)<\/p>\n<p>Ru\u0111er Bo\u0161kovi\u0107 Institute<\/p>\n<p>Zagreb, Croatia<\/p>\n<p>&nbsp;<\/p>\n<p>&nbsp;<\/p>\n<p><img loading=\"lazy\" decoding=\"async\" class=\"alignleft size-thumbnail wp-image-1930\" src=\"http:\/\/hrvatska-udruga-kristalografa.hr\/htcc5\/wp-content\/uploads\/2022\/07\/2B6F878A-126E-48BC-9A4C-CE80C8A1F9BD-e1659281706453-150x150.jpeg\" alt=\"\" width=\"150\" height=\"150\" srcset=\"https:\/\/hrvatska-udruga-kristalografa.hr\/htcc5\/wp-content\/uploads\/2022\/07\/2B6F878A-126E-48BC-9A4C-CE80C8A1F9BD-e1659281706453-150x150.jpeg 150w, https:\/\/hrvatska-udruga-kristalografa.hr\/htcc5\/wp-content\/uploads\/2022\/07\/2B6F878A-126E-48BC-9A4C-CE80C8A1F9BD-e1659281706453-300x300.jpeg 300w, https:\/\/hrvatska-udruga-kristalografa.hr\/htcc5\/wp-content\/uploads\/2022\/07\/2B6F878A-126E-48BC-9A4C-CE80C8A1F9BD-e1659281706453-1024x1024.jpeg 1024w, https:\/\/hrvatska-udruga-kristalografa.hr\/htcc5\/wp-content\/uploads\/2022\/07\/2B6F878A-126E-48BC-9A4C-CE80C8A1F9BD-e1659281706453-768x768.jpeg 768w, https:\/\/hrvatska-udruga-kristalografa.hr\/htcc5\/wp-content\/uploads\/2022\/07\/2B6F878A-126E-48BC-9A4C-CE80C8A1F9BD-e1659281706453-400x400.jpeg 400w, https:\/\/hrvatska-udruga-kristalografa.hr\/htcc5\/wp-content\/uploads\/2022\/07\/2B6F878A-126E-48BC-9A4C-CE80C8A1F9BD-e1659281706453-100x100.jpeg 100w, https:\/\/hrvatska-udruga-kristalografa.hr\/htcc5\/wp-content\/uploads\/2022\/07\/2B6F878A-126E-48BC-9A4C-CE80C8A1F9BD-e1659281706453.jpeg 1054w\" sizes=\"auto, (max-width: 150px) 100vw, 150px\" \/><\/p>\n<p><strong>Boris Gomaz<\/strong>, tutuor (<em><strong>HT4<\/strong><\/em>)<\/p>\n<p>Ru\u0111er Bo\u0161kovi\u0107 Institute<\/p>\n<p>Zagreb, Croatia<\/p>\n<p>&nbsp;<\/p>\n<p>&nbsp;<\/p>\n","protected":false},"excerpt":{"rendered":"<p>&nbsp; prof. Terese Bergfors(HT1) Uppsala University, Dept of Cell and Molecular Biology Uppsala, Sweden &nbsp; prof. Areej Abuhammad (HT1) The University of Jordan, Faculty of Pharmacy Amman, Jordan &nbsp; prof. Elspeth Garman (HT1) The University of Oxford, Department of Biochemistry, Oxford, UK &nbsp; prof. Martin Caffrey (HT1) Trinity College Dublin, School of Biochemistry and Immunology [&hellip;]<\/p>\n","protected":false},"author":5,"featured_media":0,"parent":0,"menu_order":3,"comment_status":"closed","ping_status":"closed","template":"","meta":{"ngg_post_thumbnail":0,"footnotes":""},"class_list":["post-25","page","type-page","status-publish","hentry"],"aioseo_notices":[],"_links":{"self":[{"href":"https:\/\/hrvatska-udruga-kristalografa.hr\/htcc5\/wp-json\/wp\/v2\/pages\/25","targetHints":{"allow":["GET"]}}],"collection":[{"href":"https:\/\/hrvatska-udruga-kristalografa.hr\/htcc5\/wp-json\/wp\/v2\/pages"}],"about":[{"href":"https:\/\/hrvatska-udruga-kristalografa.hr\/htcc5\/wp-json\/wp\/v2\/types\/page"}],"author":[{"embeddable":true,"href":"https:\/\/hrvatska-udruga-kristalografa.hr\/htcc5\/wp-json\/wp\/v2\/users\/5"}],"replies":[{"embeddable":true,"href":"https:\/\/hrvatska-udruga-kristalografa.hr\/htcc5\/wp-json\/wp\/v2\/comments?post=25"}],"version-history":[{"count":7,"href":"https:\/\/hrvatska-udruga-kristalografa.hr\/htcc5\/wp-json\/wp\/v2\/pages\/25\/revisions"}],"predecessor-version":[{"id":2246,"href":"https:\/\/hrvatska-udruga-kristalografa.hr\/htcc5\/wp-json\/wp\/v2\/pages\/25\/revisions\/2246"}],"wp:attachment":[{"href":"https:\/\/hrvatska-udruga-kristalografa.hr\/htcc5\/wp-json\/wp\/v2\/media?parent=25"}],"curies":[{"name":"wp","href":"https:\/\/api.w.org\/{rel}","templated":true}]}}