{"id":2511,"date":"2023-03-21T11:25:30","date_gmt":"2023-03-21T11:25:30","guid":{"rendered":"http:\/\/hrvatska-udruga-kristalografa.hr\/htcc5\/?page_id=2511"},"modified":"2023-04-17T15:10:09","modified_gmt":"2023-04-17T15:10:09","slug":"dtp-2","status":"publish","type":"page","link":"https:\/\/hrvatska-udruga-kristalografa.hr\/htcc5\/dtp-2\/","title":{"rendered":"DTP 2"},"content":{"rendered":"<h4>Students&#8217; Discussion Triggering Presentations (DTP), session 2<\/h4>\n<p>18\/04\/2023 21:00 &#8211; 23:00<\/p>\n<h6>Chair: Areej Abuhammad<\/h6>\n<table width=\"864\">\n<tbody>\n<tr>\n<td width=\"149\"><strong>Ivana Kekez<\/strong><\/td>\n<td width=\"636\">Crystallization of the Keap1-DPP III complex<\/td>\n<\/tr>\n<tr>\n<td width=\"149\"><strong>Marika Majerova<\/strong><\/td>\n<td width=\"636\">An extant enzyme with dual dehalogenase\u2012luciferase function<\/td>\n<\/tr>\n<tr>\n<td width=\"149\"><strong>Daniel Mokos<\/strong><\/td>\n<td width=\"636\">Crystal structure and proposed mechanism of A622 homologues from the nicotine biosynthesis pathway<\/td>\n<\/tr>\n<tr>\n<td width=\"149\"><strong>Marianne M\u00fchlbacher<\/strong><\/td>\n<td width=\"636\">CaSR and T1Rs: Dimeric class C GPCRs with a venus flytrap domain<\/td>\n<\/tr>\n<tr>\n<td width=\"149\"><strong>Ivana Nik\u0161i\u0107 Franji\u0107<\/strong><\/td>\n<td width=\"636\">Crystallization screening of the non-covalent DNA\/calix[6]arene complex<\/td>\n<\/tr>\n<tr>\n<td width=\"149\"><strong>Ursula Vide<\/strong><\/td>\n<td width=\"636\">LOV-activated diguanylate cyclase: a high dynamic-range switch for optogenetics<\/td>\n<\/tr>\n<tr>\n<td width=\"149\"><strong>Ilkin Yapici<\/strong><\/td>\n<td width=\"636\">The time-resolved binding of initiation factor 1 to the decoding center of 30S ribosomal subunit<\/td>\n<\/tr>\n<tr>\n<td width=\"149\"><strong>Igor \u017divkovi\u0107<\/strong><\/td>\n<td width=\"636\">Exploring natural variations of the highly conserved catalytic motif in arginyl-tRNA synthetases<\/td>\n<\/tr>\n<\/tbody>\n<\/table>\n","protected":false},"excerpt":{"rendered":"<p>Students&#8217; Discussion Triggering Presentations (DTP), session 2 18\/04\/2023 21:00 &#8211; 23:00 Chair: Areej Abuhammad Ivana Kekez Crystallization of the Keap1-DPP III complex Marika Majerova An extant enzyme with dual dehalogenase\u2012luciferase function Daniel Mokos Crystal structure and proposed mechanism of A622 homologues from the nicotine biosynthesis pathway Marianne M\u00fchlbacher CaSR and T1Rs: Dimeric class C GPCRs [&hellip;]<\/p>\n","protected":false},"author":2,"featured_media":0,"parent":0,"menu_order":0,"comment_status":"closed","ping_status":"closed","template":"","meta":{"ngg_post_thumbnail":0,"footnotes":""},"class_list":["post-2511","page","type-page","status-publish","hentry"],"aioseo_notices":[],"_links":{"self":[{"href":"https:\/\/hrvatska-udruga-kristalografa.hr\/htcc5\/wp-json\/wp\/v2\/pages\/2511","targetHints":{"allow":["GET"]}}],"collection":[{"href":"https:\/\/hrvatska-udruga-kristalografa.hr\/htcc5\/wp-json\/wp\/v2\/pages"}],"about":[{"href":"https:\/\/hrvatska-udruga-kristalografa.hr\/htcc5\/wp-json\/wp\/v2\/types\/page"}],"author":[{"embeddable":true,"href":"https:\/\/hrvatska-udruga-kristalografa.hr\/htcc5\/wp-json\/wp\/v2\/users\/2"}],"replies":[{"embeddable":true,"href":"https:\/\/hrvatska-udruga-kristalografa.hr\/htcc5\/wp-json\/wp\/v2\/comments?post=2511"}],"version-history":[{"count":3,"href":"https:\/\/hrvatska-udruga-kristalografa.hr\/htcc5\/wp-json\/wp\/v2\/pages\/2511\/revisions"}],"predecessor-version":[{"id":2758,"href":"https:\/\/hrvatska-udruga-kristalografa.hr\/htcc5\/wp-json\/wp\/v2\/pages\/2511\/revisions\/2758"}],"wp:attachment":[{"href":"https:\/\/hrvatska-udruga-kristalografa.hr\/htcc5\/wp-json\/wp\/v2\/media?parent=2511"}],"curies":[{"name":"wp","href":"https:\/\/api.w.org\/{rel}","templated":true}]}}