{"id":2553,"date":"2023-04-04T10:49:52","date_gmt":"2023-04-04T10:49:52","guid":{"rendered":"http:\/\/hrvatska-udruga-kristalografa.hr\/htcc5\/?page_id=2553"},"modified":"2023-04-04T10:49:52","modified_gmt":"2023-04-04T10:49:52","slug":"abstracts","status":"publish","type":"page","link":"https:\/\/hrvatska-udruga-kristalografa.hr\/htcc5\/abstracts\/","title":{"rendered":"Abstracts"},"content":{"rendered":"\n<table id=\"tablepress-6\" class=\"tablepress tablepress-id-6\">\n<thead>\n<tr class=\"row-1 odd\">\n\t<th class=\"column-1\"><\/th><th class=\"column-2\"><\/th><th class=\"column-3\">Authors<\/th><th class=\"column-4\">Title<\/th>\n<\/tr>\n<\/thead>\n<tbody class=\"row-hover\">\n<tr class=\"row-2 even\">\n\t<td class=\"column-1\"><b><font color=#ff00ff>P01<\/b><\/ font color><\/td><td class=\"column-2\"><b><font color=#0000ff>DTP01<\/b><\/ font color><\/td><td class=\"column-3\"><b>Gabriel Abrahams<\/b>, Janet Newman<\/td><td class=\"column-4\"><a href=\"http:\/\/hrvatska-udruga-kristalografa.hr\/htcc5\/abstracts\/a01-data-and-diversity-driven-development-of-a-shotgun-crystallization-screen-using-the-proteindata-bank\/\" rel=\"noopener\" target=\"_blank\"><b>Data- and diversity-driven development of a Shotgun crystallization screen using the ProteinData Bank<\/b><\/td>\n<\/tr>\n<tr class=\"row-3 odd\">\n\t<td class=\"column-1\"><b><font color=#ff00ff>P02<\/b><\/ font color><\/td><td class=\"column-2\"><\/td><td class=\"column-3\"><b>Mohammed Hadj Mortada Belhachemi<\/b>, Nourdine Boukabcha, Zohra Douaa Benyahlou, Abdelkader Chouaih<\/td><td class=\"column-4\"><a href=\"http:\/\/hrvatska-udruga-kristalografa.hr\/htcc5\/abstracts\/a02-synthesis-x-ray-diffraction-hirshfeld-surface-and-reduced-density-gradient-of-1-4-fluorobenzyl-5-bromolindolin-23-dione-and-its-molecular-docking\/\" rel=\"noopener\" target=\"_blank\"><b>Synthesis, X-ray diffraction, hirshfeld surface and reduced density gradient of 1-(4-fluorobenzyl)-5-bromolindolin-2,3-dione and its molecular docking<\/b><\/td>\n<\/tr>\n<tr class=\"row-4 even\">\n\t<td class=\"column-1\"><b><font color=#ff00ff>P03<\/b><\/ font color><\/td><td class=\"column-2\"><b><font color=#0000ff>DTP02<\/b><\/ font color><\/td><td class=\"column-3\">Quentin Gaday, Daniela Megrian, <b>Giacomo Carloni<\/b>, Mariano Martinez, Mathilde B. Assaya, Anne Marie Wehenkel, Pedro Alzari<\/td><td class=\"column-4\"><a href=\"http:\/\/hrvatska-udruga-kristalografa.hr\/htcc5\/abstracts\/a03-new-insights-into-ripa-mediated-cell-separation-in-corynebacteriales\/\" rel=\"noopener\" target=\"_blank\"><b>New insights into RipA-mediated cell separation in Corynebacteriales<\/b><\/td>\n<\/tr>\n<tr class=\"row-5 odd\">\n\t<td class=\"column-1\"><b><font color=#ff00ff>P04<\/b><\/ font color><\/td><td class=\"column-2\"><b><font color=#0000ff>DTP03<\/b><\/ font color><\/td><td class=\"column-3\"><b>Anna Cociurovscaia<\/b>, Grzegorz Bujacz, Agnieszka Pietrzyk-Brzezi\u0144ska<\/td><td class=\"column-4\"><a href=\"http:\/\/hrvatska-udruga-kristalografa.hr\/htcc5\/abstracts\/a04-the-crystal-structure-of-bacterial-copper-sensing-histidine-kinase\/\" rel=\"noopener\" target=\"_blank\"><b>The crystal structure of bacterial copper sensing histidine kinase<\/b><\/td>\n<\/tr>\n<tr class=\"row-6 even\">\n\t<td class=\"column-1\"><b><font color=#ff00ff>P05<\/b><\/ font color><\/td><td class=\"column-2\"><\/td><td class=\"column-3\"><b>Benyahlou Zohra Douaa<\/b>, Yahiaoui Salem, Belhachemi Mohammed Hadj Mortada, Abdelkader Chouaih<\/td><td class=\"column-4\"><a href=\"http:\/\/hrvatska-udruga-kristalografa.hr\/htcc5\/abstracts\/a05-spectroscopic-and-structural-analysis-of-thiazolidinone-derivatives-with-non-linear-optical-properties\/\" rel=\"noopener\" target=\"_blank\"><b>Spectroscopic and structural analysis of thiazolidinone derivatives with non-linear optical properties<\/b><\/td>\n<\/tr>\n<tr class=\"row-7 odd\">\n\t<td class=\"column-1\"><b><font color=#ff00ff>P06<\/b><\/ font color><\/td><td class=\"column-2\"><b><font color=#0000ff>DTP04<\/b><\/ font color><\/td><td class=\"column-3\"><b>Noopur Dubey<\/b>, Lina Riegler-Berket, Lennart Hartig, Robert Zimmermann, Monika Oberer<\/td><td class=\"column-4\"><a href=\"http:\/\/hrvatska-udruga-kristalografa.hr\/htcc5\/abstracts\/a06-ide-ntification-of-the-inhibitor-binding-sites-for-the-toxin-protein-exou-secreted-by-pseudomonas-aeruginosa\/\" rel=\"noopener\" target=\"_blank\"><b>Identification of the inhibitor binding sites for the toxin protein ExoU secreted by Pseudomonas aeruginosa<\/b><\/td>\n<\/tr>\n<tr class=\"row-8 even\">\n\t<td class=\"column-1\"><b><font color=#ff00ff>P07<\/b><\/ font color><\/td><td class=\"column-2\"><b><font color=#0000ff>DTP05<\/b><\/ font color><\/td><td class=\"column-3\"><b>Zuzanna Dutkiewicz<\/b>, Annabelle Varrot, Shi Yan, Jorick Vanbeselaere, Katharina Paschinger, Iain B.H. Wilson<\/td><td class=\"column-4\"><a href=\"http:\/\/hrvatska-udruga-kristalografa.hr\/htcc5\/abstracts\/a07-structural-and-phylogeny-of-nematode-hexosaminidases\/\/\" rel=\"noopener\" target=\"_blank\"><b>Structural and phylogeny of nematode hexosaminidases<\/b><\/td>\n<\/tr>\n<tr class=\"row-9 odd\">\n\t<td class=\"column-1\"><b><font color=#ff00ff>P08<\/b><\/ font color><\/td><td class=\"column-2\"><b><font color=#0000ff>DTP06<\/b><\/ font color><\/td><td class=\"column-3\"><b>Maximilian Edich<\/b>, David Briggs, Gianluca Santoni, Andrea Thorn<\/td><td class=\"column-4\"><a href=\"http:\/\/hrvatska-udruga-kristalografa.hr\/htcc5\/abstracts\/a08-alphafold2-assisted-domain-determination-reveals-new-domain-in-coronavirus-multidomain-protein-nsp3\/\" rel=\"noopener\" target=\"_blank\"><b>AlphaFold2 assisted domain determination reveals new domain in coronavirus multidomain protein NSP3<\/b><\/td>\n<\/tr>\n<tr class=\"row-10 even\">\n\t<td class=\"column-1\"><b><font color=#ff00ff>P09<\/b><\/ font color><\/td><td class=\"column-2\"><b><font color=#0000ff>DTP07<\/b><\/ font color><\/td><td class=\"column-3\"><b>Omur Guven<\/b>, Halilibrahim Ciftci, Hasan DeMirci<\/td><td class=\"column-4\"><a href=http:\/\/hrvatska-udruga-kristalografa.hr\/htcc5\/abstracts\/a09-structural-characterization-and-inhibition-of-traf6-through-n-terminal-domains\/\" target=\"_blank\"><b>Structural characterization and inhibition of TRAF6 through N-terminal domains<\/b><\/td>\n<\/tr>\n<tr class=\"row-11 odd\">\n\t<td class=\"column-1\"><\/td><td class=\"column-2\"><b><font color=#0000ff>DTP08<\/b><\/ font color><\/td><td class=\"column-3\"><b>Ivana Kekez<\/b>, Sara Mati\u0107, Mihaela Matovina, Sanja Tomi\u0107, Dubravka Matkovi\u0107-\u010calogovi\u0107<\/td><td class=\"column-4\"><a href=\"http:\/\/hrvatska-udruga-kristalografa.hr\/htcc5\/a10-crystallization-of-the-keap1-dpp-iii-complex\/\" rel=\"noopener\" target=\"_blank\"><b>Crystallization of the Keap1-DPP III complex<\/b><\/td>\n<\/tr>\n<tr class=\"row-12 even\">\n\t<td class=\"column-1\"><b><font color=#ff00ff>P10<\/b><\/ font color><\/td><td class=\"column-2\"><\/td><td class=\"column-3\"><b>Cahine Kulakman<\/b>, Hasan DeMirci<\/td><td class=\"column-4\"><a href=\"http:\/\/hrvatska-udruga-kristalografa.hr\/htcc5\/abstracts\/a11-cryogenic-x-ray-crystallographic-studies-of-biomacromolecules-at-turkish-light-source-turkish-delight\/\" rel=\"noopener\" target=\"_blank\"><b>Cryogenic X-ray crystallographic studies of biomacromolecules at Turkish Light Source \u201cTurkish DeLight\"<\/b><\/td>\n<\/tr>\n<tr class=\"row-13 odd\">\n\t<td class=\"column-1\"><b><font color=#ff00ff>P11<\/b><\/ font color><\/td><td class=\"column-2\"><b><font color=#0000ff>DTP09<\/b><\/ font color><\/td><td class=\"column-3\"><b>Marika Majerova<\/b>, Michal Vasina, Daniel Pluskal, Julie Krizkova, Jiri Damborsky, Zbynek Prokop, Jerome Delroisse, Martin Marek<\/td><td class=\"column-4\"><a href=\"http:\/\/hrvatska-udruga-kristalografa.hr\/htcc5\/abstracts\/a12-an-extant-enzyme-with-dual-dehalogenase%e2%80%92luciferase-function\/\" rel=\"noopener\" target=\"_blank\"><b>An extant enzyme with dual dehalogenase\u2012luciferase function<\/b><\/td>\n<\/tr>\n<tr class=\"row-14 even\">\n\t<td class=\"column-1\"><b><font color=#ff00ff>P12<\/b><\/ font color><\/td><td class=\"column-2\"><\/td><td class=\"column-3\"><b>Petra Meszaros<\/b>, Sebastian Westenhoff<\/td><td class=\"column-4\"><a href=\"http:\/\/hrvatska-udruga-kristalografa.hr\/htcc5\/abstracts\/a13-structural-basis-of-photoactivation-in-phytochromes-through-serial-femtosecond-crystallography\/\" rel=\"noopener\" target=\"_blank\"><b>Structural basis of photoactivation in phytochromes through serial femtosecond crystallography<\/b><\/td>\n<\/tr>\n<tr class=\"row-15 odd\">\n\t<td class=\"column-1\"><b><font color=#ff00ff>P13<\/b><\/ font color><\/td><td class=\"column-2\"><b><font color=#0000ff>DTP10<\/b><\/ font color><\/td><td class=\"column-3\"><b>D\u00e1niel Mokos<\/b>, Anna Schr\u00fcfer, Jernej Juri\u010d, Tamara Berger, Karl Gruber, Bastian Daniel<\/td><td class=\"column-4\"><a href=\"http:\/\/hrvatska-udruga-kristalografa.hr\/htcc5\/abstracts\/a14-crystal-structure-and-proposed-mechanism-of-a622-homologues-from-the-nicotine-biosynthesis-pathway\/\" rel=\"noopener\" target=\"_blank\"><b>Crystal structure and proposed mechanism of A622 homologues from the nicotine biosynthesis pathway<\/b><\/td>\n<\/tr>\n<tr class=\"row-16 even\">\n\t<td class=\"column-1\"><b><font color=#ff00ff>P14<\/b><\/ font color><\/td><td class=\"column-2\"><b><font color=#0000ff>DTP11<\/b><\/ font color><\/td><td class=\"column-3\"><b>Marianne M\u00fchlbacher<\/b>, Prof. Dr. Norbert Str\u00e4ter<\/td><td class=\"column-4\"><a href=\"http:\/\/hrvatska-udruga-kristalografa.hr\/htcc5\/abstracts\/a15-casr-and-t1rs-dimeric-class-c-gpcrs-with-a-venus-flytrap-domain\/\" target=\"_blank\" rel=\"noopener\"><b>CaSR and T1Rs: dimeric class C GPCRs with a venus flytrap domain<\/b><\/td>\n<\/tr>\n<tr class=\"row-17 odd\">\n\t<td class=\"column-1\"><\/td><td class=\"column-2\"><b><font color=#0000ff>DTP12<\/b><\/ font color><\/td><td class=\"column-3\"><b>Ivana Nik\u0161i\u0107-Franji\u0107<\/b>, Benoit Colasson, Olivia Reinaud, Aleksandar Vi\u0161njevac, Ivo Piantanida<\/td><td class=\"column-4\"><a href=\"http:\/\/hrvatska-udruga-kristalografa.hr\/htcc5\/abstracts\/a16-crystallization-screening-of-the-non-covalent-dna-calix6arene-complex\/\" rel=\"noopener\" target=\"_blank\"><b>Crystallization screening of the non-covalent DNA\/calix[6]arene complex<\/b><\/td>\n<\/tr>\n<tr class=\"row-18 even\">\n\t<td class=\"column-1\"><b><font color=#ff00ff>P15<\/b><\/ font color><\/td><td class=\"column-2\"><\/td><td class=\"column-3\"><b>Petra Stani\u0107<\/b>, Kre\u0161imir Mol\u010danov<\/td><td class=\"column-4\"><a href=\"http:\/\/hrvatska-udruga-kristalografa.hr\/htcc5\/abstracts\/a17-crystallographic-study-on-%cf%80-stacking-and-multicentric-bonding-in-single-crystals-of-organic-radical-salts\/\" rel=\"noopener\" target=\"_blank\"><b>Crystallographic study on \u03c0\u2013stacking and multicentric bonding in single crystals of organic radical salts<\/b><\/td>\n<\/tr>\n<tr class=\"row-19 odd\">\n\t<td class=\"column-1\"><b><font color=#ff00ff>P16<\/b><\/ font color><\/td><td class=\"column-2\"><b><font color=#0000ff>DTP13<\/b><\/ font color><\/td><td class=\"column-3\"><b>Ur\u0161ula Vide<\/b>, Martin Paul Heimb\u00f6ck, Elfriede Zenzmaier, Andreas Winkler<\/td><td class=\"column-4\"><a href=\"http:\/\/hrvatska-udruga-kristalografa.hr\/htcc5\/abstracts\/a18-lov-activated-diguanylate-cyclase-a-high-dynamic-range-switch-for-optogenetics\/\" rel=\"noopener\" target=\"_blank\"><b>LOV-activated diguanylate cyclase: a high dynamic-range switch for optogenetics<\/b><\/td>\n<\/tr>\n<tr class=\"row-20 even\">\n\t<td class=\"column-1\"><b><font color=#ff00ff>P17<\/b><\/ font color><\/td><td class=\"column-2\"><b><font color=#0000ff>DTP14<\/b><\/ font color><\/td><td class=\"column-3\"><b>Ilkin Yapici<\/b>, Hasan DeMirci<\/td><td class=\"column-4\"><a href=\"http:\/\/hrvatska-udruga-kristalografa.hr\/htcc5\/abstracts\/a19-the-time-resolved-binding-of-initiation-factor-1-to-the-decoding-center-of-30s-ribosomal-subunit\/\" rel=\"noopener\" target=\"_blank\"><b>The time-resolved binding of initiation factor 1 to the decoding center of 30S ribosomal subunit<\/b><\/td>\n<\/tr>\n<tr class=\"row-21 odd\">\n\t<td class=\"column-1\"><b><font color=#ff00ff>P18<\/b><\/ font color><\/td><td class=\"column-2\"><b><font color=#0000ff>DTP15<\/b><\/ font color><\/td><td class=\"column-3\"><b>Igor \u017divkovi\u0107<\/b>, Karla Kne\u017eevi\u0107, Ita Grui\u0107 Sovulj<\/td><td class=\"column-4\"><a href=\"http:\/\/hrvatska-udruga-kristalografa.hr\/htcc5\/abstracts\/a20-exploring-natural-variations-of-the-highly-conserved-catalytic-motif-in-arginyl-trna-synthetases\/\" rel=\"noopener\" target=\"_blank\"><b>Exploring natural variations of the highly conserved catalytic motif in arginyl-tRNA synthetases<\/b><\/td>\n<\/tr>\n<\/tbody>\n<\/table>\n<!-- #tablepress-6 from cache -->\n","protected":false},"excerpt":{"rendered":"","protected":false},"author":5,"featured_media":0,"parent":0,"menu_order":0,"comment_status":"closed","ping_status":"closed","template":"","meta":{"ngg_post_thumbnail":0,"footnotes":""},"class_list":["post-2553","page","type-page","status-publish","hentry"],"aioseo_notices":[],"_links":{"self":[{"href":"https:\/\/hrvatska-udruga-kristalografa.hr\/htcc5\/wp-json\/wp\/v2\/pages\/2553","targetHints":{"allow":["GET"]}}],"collection":[{"href":"https:\/\/hrvatska-udruga-kristalografa.hr\/htcc5\/wp-json\/wp\/v2\/pages"}],"about":[{"href":"https:\/\/hrvatska-udruga-kristalografa.hr\/htcc5\/wp-json\/wp\/v2\/types\/page"}],"author":[{"embeddable":true,"href":"https:\/\/hrvatska-udruga-kristalografa.hr\/htcc5\/wp-json\/wp\/v2\/users\/5"}],"replies":[{"embeddable":true,"href":"https:\/\/hrvatska-udruga-kristalografa.hr\/htcc5\/wp-json\/wp\/v2\/comments?post=2553"}],"version-history":[{"count":9,"href":"https:\/\/hrvatska-udruga-kristalografa.hr\/htcc5\/wp-json\/wp\/v2\/pages\/2553\/revisions"}],"predecessor-version":[{"id":2565,"href":"https:\/\/hrvatska-udruga-kristalografa.hr\/htcc5\/wp-json\/wp\/v2\/pages\/2553\/revisions\/2565"}],"wp:attachment":[{"href":"https:\/\/hrvatska-udruga-kristalografa.hr\/htcc5\/wp-json\/wp\/v2\/media?parent=2553"}],"curies":[{"name":"wp","href":"https:\/\/api.w.org\/{rel}","templated":true}]}}