{"id":258,"date":"2022-05-27T05:57:52","date_gmt":"2022-05-27T05:57:52","guid":{"rendered":"http:\/\/hrvatska-udruga-kristalografa.hr\/htcc5\/?page_id=258"},"modified":"2022-06-20T18:37:09","modified_gmt":"2022-06-20T18:37:09","slug":"cac-huk","status":"publish","type":"page","link":"https:\/\/hrvatska-udruga-kristalografa.hr\/htcc5\/cac-huk\/","title":{"rendered":"CAC\/HUK"},"content":{"rendered":"<p>\n\n<div class=\"ngg-galleryoverview ngg-slideshow\"\n\t id=\"ngg-slideshow-afeebf76cd4585911c3f7e39909286cb-18921612470\"\n     data-gallery-id=\"afeebf76cd4585911c3f7e39909286cb\"\n     style=\"max-width: 1100px; max-height: 300px;\">\n\n \t<div id=\"ngg-image-0\" class=\"ngg-gallery-slideshow-image\" style=\"height:300px\">\n\n        <a href=\"https:\/\/hrvatska-udruga-kristalografa.hr\/htcc5\/wp-content\/gallery\/banner\/1_wo_HTTC5_1100px300px.jpg\"\n           title=\"\"\n           data-src=\"https:\/\/hrvatska-udruga-kristalografa.hr\/htcc5\/wp-content\/gallery\/banner\/1_wo_HTTC5_1100px300px.jpg\"\n           data-thumbnail=\"https:\/\/hrvatska-udruga-kristalografa.hr\/htcc5\/wp-content\/gallery\/banner\/thumbs\/thumbs_1_wo_HTTC5_1100px300px.jpg\"\n           data-image-id=\"153\"\n           data-title=\"1_wo_HTTC5_1100px300px\"\n           data-description=\"\"\n           class=\"ngg-simplelightbox\" rel=\"afeebf76cd4585911c3f7e39909286cb\">\n\n            <img data-image-id='153'\n                 title=\"\"\n                 alt=\"1_wo_HTTC5_1100px300px\"\n                 src=\"https:\/\/hrvatska-udruga-kristalografa.hr\/htcc5\/wp-content\/gallery\/banner\/1_wo_HTTC5_1100px300px.jpg\"\n                 style=\"max-height: 280px;\"\/>\n        <\/a>\n\n        <\/div> \n<div id=\"ngg-image-1\" class=\"ngg-gallery-slideshow-image\" style=\"height:300px\">\n\n        <a href=\"https:\/\/hrvatska-udruga-kristalografa.hr\/htcc5\/wp-content\/gallery\/banner\/NTB-Web-Banner-HTCC5.png\"\n           title=\"\"\n           data-src=\"https:\/\/hrvatska-udruga-kristalografa.hr\/htcc5\/wp-content\/gallery\/banner\/NTB-Web-Banner-HTCC5.png\"\n           data-thumbnail=\"https:\/\/hrvatska-udruga-kristalografa.hr\/htcc5\/wp-content\/gallery\/banner\/thumbs\/thumbs_NTB-Web-Banner-HTCC5.png\"\n           data-image-id=\"154\"\n           data-title=\"2nd version nt8 - 1\"\n           data-description=\"\"\n           class=\"ngg-simplelightbox\" rel=\"afeebf76cd4585911c3f7e39909286cb\">\n\n            <img data-image-id='154'\n                 title=\"\"\n                 alt=\"2nd version nt8 - 1\"\n                 src=\"https:\/\/hrvatska-udruga-kristalografa.hr\/htcc5\/wp-content\/gallery\/banner\/NTB-Web-Banner-HTCC5.png\"\n                 style=\"max-height: 280px;\"\/>\n        <\/a>\n\n        <\/div> \n<div id=\"ngg-image-2\" class=\"ngg-gallery-slideshow-image\" style=\"height:300px\">\n\n        <a href=\"https:\/\/hrvatska-udruga-kristalografa.hr\/htcc5\/wp-content\/gallery\/banner\/1100x300_Banner_X-ray-Analysis-Solutions.jpg\"\n           title=\"\"\n           data-src=\"https:\/\/hrvatska-udruga-kristalografa.hr\/htcc5\/wp-content\/gallery\/banner\/1100x300_Banner_X-ray-Analysis-Solutions.jpg\"\n           data-thumbnail=\"https:\/\/hrvatska-udruga-kristalografa.hr\/htcc5\/wp-content\/gallery\/banner\/thumbs\/thumbs_1100x300_Banner_X-ray-Analysis-Solutions.jpg\"\n           data-image-id=\"155\"\n           data-title=\"1100x300_Banner_X-ray-Analysis-Solutions\"\n           data-description=\"\"\n           class=\"ngg-simplelightbox\" rel=\"afeebf76cd4585911c3f7e39909286cb\">\n\n            <img data-image-id='155'\n                 title=\"\"\n                 alt=\"1100x300_Banner_X-ray-Analysis-Solutions\"\n                 src=\"https:\/\/hrvatska-udruga-kristalografa.hr\/htcc5\/wp-content\/gallery\/banner\/1100x300_Banner_X-ray-Analysis-Solutions.jpg\"\n                 style=\"max-height: 280px;\"\/>\n        <\/a>\n\n        <\/div> \n<div id=\"ngg-image-3\" class=\"ngg-gallery-slideshow-image\" style=\"height:300px\">\n\n        <a href=\"https:\/\/hrvatska-udruga-kristalografa.hr\/htcc5\/wp-content\/gallery\/banner\/ban2.jpg\"\n           title=\"\"\n           data-src=\"https:\/\/hrvatska-udruga-kristalografa.hr\/htcc5\/wp-content\/gallery\/banner\/ban2.jpg\"\n           data-thumbnail=\"https:\/\/hrvatska-udruga-kristalografa.hr\/htcc5\/wp-content\/gallery\/banner\/thumbs\/thumbs_ban2.jpg\"\n           data-image-id=\"127\"\n           data-title=\"ban2\"\n           data-description=\"\"\n           class=\"ngg-simplelightbox\" rel=\"afeebf76cd4585911c3f7e39909286cb\">\n\n            <img data-image-id='127'\n                 title=\"\"\n                 alt=\"ban2\"\n                 src=\"https:\/\/hrvatska-udruga-kristalografa.hr\/htcc5\/wp-content\/gallery\/banner\/ban2.jpg\"\n                 style=\"max-height: 280px;\"\/>\n        <\/a>\n\n        <\/div> \n<div id=\"ngg-image-4\" class=\"ngg-gallery-slideshow-image\" style=\"height:300px\">\n\n        <a href=\"https:\/\/hrvatska-udruga-kristalografa.hr\/htcc5\/wp-content\/gallery\/banner\/ban1.jpg\"\n           title=\"\"\n           data-src=\"https:\/\/hrvatska-udruga-kristalografa.hr\/htcc5\/wp-content\/gallery\/banner\/ban1.jpg\"\n           data-thumbnail=\"https:\/\/hrvatska-udruga-kristalografa.hr\/htcc5\/wp-content\/gallery\/banner\/thumbs\/thumbs_ban1.jpg\"\n           data-image-id=\"128\"\n           data-title=\"ban1\"\n           data-description=\"\"\n           class=\"ngg-simplelightbox\" rel=\"afeebf76cd4585911c3f7e39909286cb\">\n\n            <img data-image-id='128'\n                 title=\"\"\n                 alt=\"ban1\"\n                 src=\"https:\/\/hrvatska-udruga-kristalografa.hr\/htcc5\/wp-content\/gallery\/banner\/ban1.jpg\"\n                 style=\"max-height: 280px;\"\/>\n        <\/a>\n\n        <\/div> \n<div id=\"ngg-image-5\" class=\"ngg-gallery-slideshow-image\" style=\"height:300px\">\n\n        <a href=\"https:\/\/hrvatska-udruga-kristalografa.hr\/htcc5\/wp-content\/gallery\/banner\/ban4.jpg\"\n           title=\"\"\n           data-src=\"https:\/\/hrvatska-udruga-kristalografa.hr\/htcc5\/wp-content\/gallery\/banner\/ban4.jpg\"\n           data-thumbnail=\"https:\/\/hrvatska-udruga-kristalografa.hr\/htcc5\/wp-content\/gallery\/banner\/thumbs\/thumbs_ban4.jpg\"\n           data-image-id=\"129\"\n           data-title=\"ban4\"\n           data-description=\"\"\n           class=\"ngg-simplelightbox\" rel=\"afeebf76cd4585911c3f7e39909286cb\">\n\n            <img data-image-id='129'\n                 title=\"\"\n                 alt=\"ban4\"\n                 src=\"https:\/\/hrvatska-udruga-kristalografa.hr\/htcc5\/wp-content\/gallery\/banner\/ban4.jpg\"\n                 style=\"max-height: 280px;\"\/>\n        <\/a>\n\n        <\/div> \n<\/div>\n\n\n\n<img loading=\"lazy\" decoding=\"async\" class=\"size-medium wp-image-177 alignright\" src=\"http:\/\/hrvatska-udruga-kristalografa.hr\/htcc5\/wp-content\/uploads\/2022\/05\/HUK_logo_kratki_veliki-300x258.jpg\" alt=\"\" width=\"300\" height=\"258\" srcset=\"https:\/\/hrvatska-udruga-kristalografa.hr\/htcc5\/wp-content\/uploads\/2022\/05\/HUK_logo_kratki_veliki-300x258.jpg 300w, https:\/\/hrvatska-udruga-kristalografa.hr\/htcc5\/wp-content\/uploads\/2022\/05\/HUK_logo_kratki_veliki.jpg 701w\" sizes=\"auto, (max-width: 300px) 100vw, 300px\" \/><\/p>\n<p style=\"text-align: justify;\"><a href=\"http:\/\/hrvatska-udruga-kristalografa.hr\/htcc5\/language\/en\/\" target=\"_blank\" rel=\"noopener\">Croatian Association of Crystallographers (CAC)<\/a> is a professional association and a non-profit organization, established on August 24th, 2012 with the objectives of promoting excellence, collaboration, and career development within the Croatian crystallographic community and promoting Croatia as the regional stronghold of crystallography. These objectives are being accomplished by organizing international workshops, conferences, and other scientific meetings, helping and promoting the international collaboration of scientists, visits abroad, life-long education of its members, and funding the research activities. 29th European Crystallographic Meeting (Rovinj, Croatia, 2015) with over 1000 participants, 3rd European Crystallography School (Bol, Croatia, 2016), 17th European Powder diffraction meeting (\u0160ibenik, Croatia, 2022), and the series of HTCC workshops make up our conference portfolio.<\/p>\n<p style=\"text-align: justify;\">CAC has two types of membership &#8211; <a href=\"http:\/\/hrvatska-udruga-kristalografa.hr\/htcc5\/regular-members-2\/\" target=\"_blank\" rel=\"noopener\">regular<\/a> (26 members) and <a href=\"http:\/\/hrvatska-udruga-kristalografa.hr\/htcc5\/membership\/honorary-members\/\" target=\"_blank\" rel=\"noopener\">honorary <\/a>(four members). All regular members are automatically members of the Assembly, which is the supreme governing body of the Association. The elected president of the Association is dr. Aleksandar Vi\u0161njevac, and vice-president, prof. dr. Ana \u0160anti\u0107.<\/p>\n<p style=\"text-align: justify;\">&nbsp;<\/p>\n","protected":false},"excerpt":{"rendered":"<p>Croatian Association of Crystallographers (CAC) is a professional association and a non-profit organization, established on August 24th, 2012 with the objectives of promoting excellence, collaboration, and career development within the Croatian crystallographic community and promoting Croatia as the regional stronghold of crystallography. These objectives are being accomplished by organizing international workshops, conferences, and other scientific [&hellip;]<\/p>\n","protected":false},"author":2,"featured_media":0,"parent":0,"menu_order":0,"comment_status":"closed","ping_status":"closed","template":"","meta":{"ngg_post_thumbnail":0,"footnotes":""},"class_list":["post-258","page","type-page","status-publish","hentry"],"aioseo_notices":[],"_links":{"self":[{"href":"https:\/\/hrvatska-udruga-kristalografa.hr\/htcc5\/wp-json\/wp\/v2\/pages\/258","targetHints":{"allow":["GET"]}}],"collection":[{"href":"https:\/\/hrvatska-udruga-kristalografa.hr\/htcc5\/wp-json\/wp\/v2\/pages"}],"about":[{"href":"https:\/\/hrvatska-udruga-kristalografa.hr\/htcc5\/wp-json\/wp\/v2\/types\/page"}],"author":[{"embeddable":true,"href":"https:\/\/hrvatska-udruga-kristalografa.hr\/htcc5\/wp-json\/wp\/v2\/users\/2"}],"replies":[{"embeddable":true,"href":"https:\/\/hrvatska-udruga-kristalografa.hr\/htcc5\/wp-json\/wp\/v2\/comments?post=258"}],"version-history":[{"count":0,"href":"https:\/\/hrvatska-udruga-kristalografa.hr\/htcc5\/wp-json\/wp\/v2\/pages\/258\/revisions"}],"wp:attachment":[{"href":"https:\/\/hrvatska-udruga-kristalografa.hr\/htcc5\/wp-json\/wp\/v2\/media?parent=258"}],"curies":[{"name":"wp","href":"https:\/\/api.w.org\/{rel}","templated":true}]}}