{"id":262,"date":"2022-05-27T05:59:32","date_gmt":"2022-05-27T05:59:32","guid":{"rendered":"http:\/\/hrvatska-udruga-kristalografa.hr\/htcc5\/?page_id=262"},"modified":"2022-09-19T06:30:37","modified_gmt":"2022-09-19T06:30:37","slug":"committee","status":"publish","type":"page","link":"https:\/\/hrvatska-udruga-kristalografa.hr\/htcc5\/committee\/","title":{"rendered":"Committee"},"content":{"rendered":"\n\n<div class=\"ngg-galleryoverview ngg-slideshow\"\n\t id=\"ngg-slideshow-afeebf76cd4585911c3f7e39909286cb-3678456870\"\n     data-gallery-id=\"afeebf76cd4585911c3f7e39909286cb\"\n     style=\"max-width: 1100px; max-height: 300px;\">\n\n \t<div id=\"ngg-image-0\" class=\"ngg-gallery-slideshow-image\" style=\"height:300px\">\n\n        <a href=\"https:\/\/hrvatska-udruga-kristalografa.hr\/htcc5\/wp-content\/gallery\/banner\/1_wo_HTTC5_1100px300px.jpg\"\n           title=\"\"\n           data-src=\"https:\/\/hrvatska-udruga-kristalografa.hr\/htcc5\/wp-content\/gallery\/banner\/1_wo_HTTC5_1100px300px.jpg\"\n           data-thumbnail=\"https:\/\/hrvatska-udruga-kristalografa.hr\/htcc5\/wp-content\/gallery\/banner\/thumbs\/thumbs_1_wo_HTTC5_1100px300px.jpg\"\n           data-image-id=\"153\"\n           data-title=\"1_wo_HTTC5_1100px300px\"\n           data-description=\"\"\n           class=\"ngg-simplelightbox\" rel=\"afeebf76cd4585911c3f7e39909286cb\">\n\n            <img data-image-id='153'\n                 title=\"\"\n                 alt=\"1_wo_HTTC5_1100px300px\"\n                 src=\"https:\/\/hrvatska-udruga-kristalografa.hr\/htcc5\/wp-content\/gallery\/banner\/1_wo_HTTC5_1100px300px.jpg\"\n                 style=\"max-height: 280px;\"\/>\n        <\/a>\n\n        <\/div> \n<div id=\"ngg-image-1\" class=\"ngg-gallery-slideshow-image\" style=\"height:300px\">\n\n        <a href=\"https:\/\/hrvatska-udruga-kristalografa.hr\/htcc5\/wp-content\/gallery\/banner\/NTB-Web-Banner-HTCC5.png\"\n           title=\"\"\n           data-src=\"https:\/\/hrvatska-udruga-kristalografa.hr\/htcc5\/wp-content\/gallery\/banner\/NTB-Web-Banner-HTCC5.png\"\n           data-thumbnail=\"https:\/\/hrvatska-udruga-kristalografa.hr\/htcc5\/wp-content\/gallery\/banner\/thumbs\/thumbs_NTB-Web-Banner-HTCC5.png\"\n           data-image-id=\"154\"\n           data-title=\"2nd version nt8 - 1\"\n           data-description=\"\"\n           class=\"ngg-simplelightbox\" rel=\"afeebf76cd4585911c3f7e39909286cb\">\n\n            <img data-image-id='154'\n                 title=\"\"\n                 alt=\"2nd version nt8 - 1\"\n                 src=\"https:\/\/hrvatska-udruga-kristalografa.hr\/htcc5\/wp-content\/gallery\/banner\/NTB-Web-Banner-HTCC5.png\"\n                 style=\"max-height: 280px;\"\/>\n        <\/a>\n\n        <\/div> \n<div id=\"ngg-image-2\" class=\"ngg-gallery-slideshow-image\" style=\"height:300px\">\n\n        <a href=\"https:\/\/hrvatska-udruga-kristalografa.hr\/htcc5\/wp-content\/gallery\/banner\/1100x300_Banner_X-ray-Analysis-Solutions.jpg\"\n           title=\"\"\n           data-src=\"https:\/\/hrvatska-udruga-kristalografa.hr\/htcc5\/wp-content\/gallery\/banner\/1100x300_Banner_X-ray-Analysis-Solutions.jpg\"\n           data-thumbnail=\"https:\/\/hrvatska-udruga-kristalografa.hr\/htcc5\/wp-content\/gallery\/banner\/thumbs\/thumbs_1100x300_Banner_X-ray-Analysis-Solutions.jpg\"\n           data-image-id=\"155\"\n           data-title=\"1100x300_Banner_X-ray-Analysis-Solutions\"\n           data-description=\"\"\n           class=\"ngg-simplelightbox\" rel=\"afeebf76cd4585911c3f7e39909286cb\">\n\n            <img data-image-id='155'\n                 title=\"\"\n                 alt=\"1100x300_Banner_X-ray-Analysis-Solutions\"\n                 src=\"https:\/\/hrvatska-udruga-kristalografa.hr\/htcc5\/wp-content\/gallery\/banner\/1100x300_Banner_X-ray-Analysis-Solutions.jpg\"\n                 style=\"max-height: 280px;\"\/>\n        <\/a>\n\n        <\/div> \n<div id=\"ngg-image-3\" class=\"ngg-gallery-slideshow-image\" style=\"height:300px\">\n\n        <a href=\"https:\/\/hrvatska-udruga-kristalografa.hr\/htcc5\/wp-content\/gallery\/banner\/ban2.jpg\"\n           title=\"\"\n           data-src=\"https:\/\/hrvatska-udruga-kristalografa.hr\/htcc5\/wp-content\/gallery\/banner\/ban2.jpg\"\n           data-thumbnail=\"https:\/\/hrvatska-udruga-kristalografa.hr\/htcc5\/wp-content\/gallery\/banner\/thumbs\/thumbs_ban2.jpg\"\n           data-image-id=\"127\"\n           data-title=\"ban2\"\n           data-description=\"\"\n           class=\"ngg-simplelightbox\" rel=\"afeebf76cd4585911c3f7e39909286cb\">\n\n            <img data-image-id='127'\n                 title=\"\"\n                 alt=\"ban2\"\n                 src=\"https:\/\/hrvatska-udruga-kristalografa.hr\/htcc5\/wp-content\/gallery\/banner\/ban2.jpg\"\n                 style=\"max-height: 280px;\"\/>\n        <\/a>\n\n        <\/div> \n<div id=\"ngg-image-4\" class=\"ngg-gallery-slideshow-image\" style=\"height:300px\">\n\n        <a href=\"https:\/\/hrvatska-udruga-kristalografa.hr\/htcc5\/wp-content\/gallery\/banner\/ban1.jpg\"\n           title=\"\"\n           data-src=\"https:\/\/hrvatska-udruga-kristalografa.hr\/htcc5\/wp-content\/gallery\/banner\/ban1.jpg\"\n           data-thumbnail=\"https:\/\/hrvatska-udruga-kristalografa.hr\/htcc5\/wp-content\/gallery\/banner\/thumbs\/thumbs_ban1.jpg\"\n           data-image-id=\"128\"\n           data-title=\"ban1\"\n           data-description=\"\"\n           class=\"ngg-simplelightbox\" rel=\"afeebf76cd4585911c3f7e39909286cb\">\n\n            <img data-image-id='128'\n                 title=\"\"\n                 alt=\"ban1\"\n                 src=\"https:\/\/hrvatska-udruga-kristalografa.hr\/htcc5\/wp-content\/gallery\/banner\/ban1.jpg\"\n                 style=\"max-height: 280px;\"\/>\n        <\/a>\n\n        <\/div> \n<div id=\"ngg-image-5\" class=\"ngg-gallery-slideshow-image\" style=\"height:300px\">\n\n        <a href=\"https:\/\/hrvatska-udruga-kristalografa.hr\/htcc5\/wp-content\/gallery\/banner\/ban4.jpg\"\n           title=\"\"\n           data-src=\"https:\/\/hrvatska-udruga-kristalografa.hr\/htcc5\/wp-content\/gallery\/banner\/ban4.jpg\"\n           data-thumbnail=\"https:\/\/hrvatska-udruga-kristalografa.hr\/htcc5\/wp-content\/gallery\/banner\/thumbs\/thumbs_ban4.jpg\"\n           data-image-id=\"129\"\n           data-title=\"ban4\"\n           data-description=\"\"\n           class=\"ngg-simplelightbox\" rel=\"afeebf76cd4585911c3f7e39909286cb\">\n\n            <img data-image-id='129'\n                 title=\"\"\n                 alt=\"ban4\"\n                 src=\"https:\/\/hrvatska-udruga-kristalografa.hr\/htcc5\/wp-content\/gallery\/banner\/ban4.jpg\"\n                 style=\"max-height: 280px;\"\/>\n        <\/a>\n\n        <\/div> \n<\/div>\n\n\n\n\n<h3 style=\"text-align: center;\">Scientific &amp; Organizing Committee of the HTCC5<\/h3>\n<p>&nbsp;<\/p>\n<p>&nbsp;<\/p>\n<p style=\"text-align: left;\"><strong><img loading=\"lazy\" decoding=\"async\" class=\"alignleft size-thumbnail wp-image-2158\" src=\"http:\/\/hrvatska-udruga-kristalografa.hr\/htcc5\/wp-content\/uploads\/2022\/09\/a0cd859d-2b76-47a6-b664-bf777b9459f9-150x150.jpg\" alt=\"\" width=\"150\" height=\"150\" srcset=\"https:\/\/hrvatska-udruga-kristalografa.hr\/htcc5\/wp-content\/uploads\/2022\/09\/a0cd859d-2b76-47a6-b664-bf777b9459f9-150x150.jpg 150w, https:\/\/hrvatska-udruga-kristalografa.hr\/htcc5\/wp-content\/uploads\/2022\/09\/a0cd859d-2b76-47a6-b664-bf777b9459f9-300x300.jpg 300w, https:\/\/hrvatska-udruga-kristalografa.hr\/htcc5\/wp-content\/uploads\/2022\/09\/a0cd859d-2b76-47a6-b664-bf777b9459f9-400x400.jpg 400w, https:\/\/hrvatska-udruga-kristalografa.hr\/htcc5\/wp-content\/uploads\/2022\/09\/a0cd859d-2b76-47a6-b664-bf777b9459f9-100x100.jpg 100w, https:\/\/hrvatska-udruga-kristalografa.hr\/htcc5\/wp-content\/uploads\/2022\/09\/a0cd859d-2b76-47a6-b664-bf777b9459f9.jpg 762w\" sizes=\"auto, (max-width: 150px) 100vw, 150px\" \/><a href=\"https:\/\/calixdna.org\/visnjevac\/\" target=\"_blank\" rel=\"noopener\">Dr.Sc. Aleksandar Vi\u0161njevac<\/a><\/strong><\/p>\n<p style=\"text-align: left;\">Ru\u0111er Bo\u0161kovi\u0107 Institute<\/p>\n<p style=\"text-align: left;\">Zagreb, Croatia<\/p>\n<p style=\"text-align: left;\"><em>chair<\/em><\/p>\n<p>&nbsp;<\/p>\n<p style=\"text-align: left;\"><strong><img loading=\"lazy\" decoding=\"async\" class=\"alignleft wp-image-613 size-thumbnail\" src=\"http:\/\/hrvatska-udruga-kristalografa.hr\/htcc5\/wp-content\/uploads\/2022\/06\/Elspeth-Garman016-scaled-e1655407594854-150x150.jpg\" alt=\"\" width=\"150\" height=\"150\" srcset=\"https:\/\/hrvatska-udruga-kristalografa.hr\/htcc5\/wp-content\/uploads\/2022\/06\/Elspeth-Garman016-scaled-e1655407594854-150x150.jpg 150w, https:\/\/hrvatska-udruga-kristalografa.hr\/htcc5\/wp-content\/uploads\/2022\/06\/Elspeth-Garman016-scaled-e1655407594854-300x300.jpg 300w, https:\/\/hrvatska-udruga-kristalografa.hr\/htcc5\/wp-content\/uploads\/2022\/06\/Elspeth-Garman016-scaled-e1655407594854-1024x1024.jpg 1024w, https:\/\/hrvatska-udruga-kristalografa.hr\/htcc5\/wp-content\/uploads\/2022\/06\/Elspeth-Garman016-scaled-e1655407594854-768x768.jpg 768w, https:\/\/hrvatska-udruga-kristalografa.hr\/htcc5\/wp-content\/uploads\/2022\/06\/Elspeth-Garman016-scaled-e1655407594854-1536x1536.jpg 1536w, https:\/\/hrvatska-udruga-kristalografa.hr\/htcc5\/wp-content\/uploads\/2022\/06\/Elspeth-Garman016-scaled-e1655407594854-400x400.jpg 400w, https:\/\/hrvatska-udruga-kristalografa.hr\/htcc5\/wp-content\/uploads\/2022\/06\/Elspeth-Garman016-scaled-e1655407594854-100x100.jpg 100w, https:\/\/hrvatska-udruga-kristalografa.hr\/htcc5\/wp-content\/uploads\/2022\/06\/Elspeth-Garman016-scaled-e1655407594854.jpg 1610w\" sizes=\"auto, (max-width: 150px) 100vw, 150px\" \/><a href=\"https:\/\/www.ox.ac.uk\/news-and-events\/find-an-expert\/professor-elspeth-garman\" target=\"_blank\" rel=\"noopener\">Prof. Elspeth Garman<\/a><\/strong><\/p>\n<p style=\"text-align: left;\">The University of Oxford, Department of Biochemistry,<\/p>\n<p>Oxford, United Kingdom<\/p>\n<p style=\"text-align: left;\"><em>scientific advisor<\/em><\/p>\n<p>&nbsp;<\/p>\n<p style=\"text-align: left;\"><strong><img loading=\"lazy\" decoding=\"async\" class=\"alignleft wp-image-445 size-thumbnail\" src=\"http:\/\/hrvatska-udruga-kristalografa.hr\/htcc5\/wp-content\/uploads\/2022\/06\/abuhammad-scaled-e1654789404234-150x150.jpg\" alt=\"\" width=\"150\" height=\"150\"><a href=\"http:\/\/eacademic.ju.edu.jo\/a.abuhammad\/Pages\/AboutMe.aspx\">Prof. Areej Abuhammad<\/a><\/strong><\/p>\n<p>The University of Jordan, Faculty of Pharmacy<\/p>\n<p>Amman, Jordan<\/p>\n<p style=\"text-align: left;\"><em>co-chair, in charge of the scientific program<\/em><\/p>\n<p>&nbsp;<\/p>\n<p style=\"text-align: left;\"><strong><img loading=\"lazy\" decoding=\"async\" class=\"wp-image-446 alignleft\" src=\"http:\/\/hrvatska-udruga-kristalografa.hr\/htcc5\/wp-content\/uploads\/2022\/06\/stefanic-134x150.jpg\" alt=\"\" width=\"150\" height=\"158\"><\/strong><\/p>\n<p><a href=\"https:\/\/www.irb.hr\/eng\/About-RBI\/People\/Zoran-Stefanic\" target=\"_blank\" rel=\"noopener\"><strong>Dr.Sc. Z<\/strong><strong>oran \u0160tefani\u0107<\/strong><\/a><\/p>\n<p>Ru\u0111er Bo\u0161kovi\u0107 Institute<\/p>\n<p>Zagreb, Croatia<\/p>\n<p><em>co-chair, in charge of the scientific program<\/em><\/p>\n<p>&nbsp;<\/p>\n<p style=\"text-align: left;\"><strong><img loading=\"lazy\" decoding=\"async\" class=\"size-thumbnail wp-image-444 alignleft\" src=\"http:\/\/hrvatska-udruga-kristalografa.hr\/htcc5\/wp-content\/uploads\/2022\/06\/vrankic-150x150.jpg\" alt=\"\" width=\"150\" height=\"150\"><\/strong><\/p>\n<p style=\"text-align: left;\"><a href=\"https:\/\/www.irb.hr\/eng\/About-RBI\/People\/Martina-Vrankic\" target=\"_blank\" rel=\"noopener\"><strong>D<\/strong><strong>r.Sc. Martina Vranki\u0107<\/strong><\/a><\/p>\n<p>Ru\u0111er Bo\u0161kovi\u0107 Institute<\/p>\n<p>Zagreb, Croatia<\/p>\n<p style=\"text-align: left;\"><em>co-chair, in charge of bursaries, poster prizes, and organization<\/em><\/p>\n<p>&nbsp;<\/p>\n<p style=\"text-align: left;\"><strong style=\"text-align: center;\"><img loading=\"lazy\" decoding=\"async\" class=\"size-thumbnail wp-image-447 alignleft\" src=\"http:\/\/hrvatska-udruga-kristalografa.hr\/htcc5\/wp-content\/uploads\/2022\/06\/image1-e1572525398419-939x1024-1-150x150.jpeg\" alt=\"\" width=\"150\" height=\"150\"><a href=\"https:\/\/www.irb.hr\/eng\/About-RBI\/People\/Jasminka-Popovic\" target=\"_blank\" rel=\"noopener\">Dr.Sc. Jasminka Popovi\u0107<\/a><\/strong><\/p>\n<p>Ru\u0111er Bo\u0161kovi\u0107 Institute<\/p>\n<p>Zagreb, Croatia<\/p>\n<p style=\"text-align: left;\"><em><span style=\"text-align: center;\">treasurer<\/span><\/em><\/p>\n<p>&nbsp;<\/p>\n<p style=\"text-align: left;\"><strong><img loading=\"lazy\" decoding=\"async\" class=\"alignleft size-thumbnail wp-image-1932\" src=\"http:\/\/hrvatska-udruga-kristalografa.hr\/htcc5\/wp-content\/uploads\/2022\/07\/289788380_10220839243707530_2809631363673226443_n-e1659281923379-150x150.jpg\" alt=\"\" width=\"150\" height=\"150\" srcset=\"https:\/\/hrvatska-udruga-kristalografa.hr\/htcc5\/wp-content\/uploads\/2022\/07\/289788380_10220839243707530_2809631363673226443_n-e1659281923379-150x150.jpg 150w, https:\/\/hrvatska-udruga-kristalografa.hr\/htcc5\/wp-content\/uploads\/2022\/07\/289788380_10220839243707530_2809631363673226443_n-e1659281923379-300x300.jpg 300w, https:\/\/hrvatska-udruga-kristalografa.hr\/htcc5\/wp-content\/uploads\/2022\/07\/289788380_10220839243707530_2809631363673226443_n-e1659281923379-100x100.jpg 100w, https:\/\/hrvatska-udruga-kristalografa.hr\/htcc5\/wp-content\/uploads\/2022\/07\/289788380_10220839243707530_2809631363673226443_n-e1659281923379.jpg 399w\" sizes=\"auto, (max-width: 150px) 100vw, 150px\" \/><a href=\"https:\/\/www.irb.hr\/eng\/About-RBI\/People\/Alen-Bjelopetrovic\" target=\"_blank\" rel=\"noopener\">Dr.Sc. Alen Bjelopetrovi\u0107<\/a><\/strong><\/p>\n<p>Ru\u0111er Bo\u0161kovi\u0107 Institute<\/p>\n<p>Zagreb, Croatia<\/p>\n<p style=\"text-align: left;\"><em>web editor<\/em><\/p>\n","protected":false},"excerpt":{"rendered":"<p>Scientific &amp; Organizing Committee of the HTCC5 &nbsp; &nbsp; Dr.Sc. Aleksandar Vi\u0161njevac Ru\u0111er Bo\u0161kovi\u0107 Institute Zagreb, Croatia chair &nbsp; Prof. Elspeth Garman The University of Oxford, Department of Biochemistry, Oxford, United Kingdom scientific advisor &nbsp; Prof. Areej Abuhammad The University of Jordan, Faculty of Pharmacy Amman, Jordan co-chair, in charge of the scientific program &nbsp; [&hellip;]<\/p>\n","protected":false},"author":2,"featured_media":0,"parent":0,"menu_order":0,"comment_status":"closed","ping_status":"closed","template":"","meta":{"ngg_post_thumbnail":0,"footnotes":""},"class_list":["post-262","page","type-page","status-publish","hentry"],"aioseo_notices":[],"_links":{"self":[{"href":"https:\/\/hrvatska-udruga-kristalografa.hr\/htcc5\/wp-json\/wp\/v2\/pages\/262","targetHints":{"allow":["GET"]}}],"collection":[{"href":"https:\/\/hrvatska-udruga-kristalografa.hr\/htcc5\/wp-json\/wp\/v2\/pages"}],"about":[{"href":"https:\/\/hrvatska-udruga-kristalografa.hr\/htcc5\/wp-json\/wp\/v2\/types\/page"}],"author":[{"embeddable":true,"href":"https:\/\/hrvatska-udruga-kristalografa.hr\/htcc5\/wp-json\/wp\/v2\/users\/2"}],"replies":[{"embeddable":true,"href":"https:\/\/hrvatska-udruga-kristalografa.hr\/htcc5\/wp-json\/wp\/v2\/comments?post=262"}],"version-history":[{"count":2,"href":"https:\/\/hrvatska-udruga-kristalografa.hr\/htcc5\/wp-json\/wp\/v2\/pages\/262\/revisions"}],"predecessor-version":[{"id":2160,"href":"https:\/\/hrvatska-udruga-kristalografa.hr\/htcc5\/wp-json\/wp\/v2\/pages\/262\/revisions\/2160"}],"wp:attachment":[{"href":"https:\/\/hrvatska-udruga-kristalografa.hr\/htcc5\/wp-json\/wp\/v2\/media?parent=262"}],"curies":[{"name":"wp","href":"https:\/\/api.w.org\/{rel}","templated":true}]}}