{"id":77,"date":"2023-06-30T20:56:33","date_gmt":"2023-06-30T20:56:33","guid":{"rendered":"https:\/\/htcc6.org\/?page_id=77"},"modified":"2024-04-08T10:14:42","modified_gmt":"2024-04-08T09:14:42","slug":"wall-of-honour","status":"publish","type":"page","link":"https:\/\/hrvatska-udruga-kristalografa.hr\/htcc6\/sponsorship\/wall-of-honour\/","title":{"rendered":"Wall of Honour"},"content":{"rendered":"\t\t<div data-elementor-type=\"wp-page\" data-elementor-id=\"77\" class=\"elementor elementor-77\" data-elementor-post-type=\"page\">\n\t\t\t\t\t\t<section class=\"elementor-section elementor-top-section elementor-element elementor-element-f416f95 elementor-section-boxed elementor-section-height-default elementor-section-height-default\" data-id=\"f416f95\" data-element_type=\"section\" data-e-type=\"section\">\n\t\t\t\t\t\t<div class=\"elementor-container elementor-column-gap-default\">\n\t\t\t\t\t<div class=\"elementor-column elementor-col-33 elementor-top-column elementor-element elementor-element-281ee38\" data-id=\"281ee38\" data-element_type=\"column\" data-e-type=\"column\">\n\t\t\t<div class=\"elementor-widget-wrap elementor-element-populated\">\n\t\t\t\t\t\t<section class=\"elementor-section elementor-inner-section elementor-element elementor-element-13aef0e elementor-section-boxed elementor-section-height-default elementor-section-height-default\" data-id=\"13aef0e\" data-element_type=\"section\" data-e-type=\"section\">\n\t\t\t\t\t\t<div class=\"elementor-container elementor-column-gap-default\">\n\t\t\t\t\t<div class=\"elementor-column elementor-col-50 elementor-inner-column elementor-element elementor-element-947a650\" data-id=\"947a650\" data-element_type=\"column\" data-e-type=\"column\">\n\t\t\t<div class=\"elementor-widget-wrap elementor-element-populated\">\n\t\t\t\t\t\t<div class=\"elementor-element elementor-element-211ed62 elementor-widget elementor-widget-image\" data-id=\"211ed62\" data-element_type=\"widget\" data-e-type=\"widget\" data-widget_type=\"image.default\">\n\t\t\t\t<div class=\"elementor-widget-container\">\n\t\t\t\t\t\t\t\t\t\t\t\t\t\t\t\t<a href=\"https:\/\/hrzz.hr\/\">\n\t\t\t\t\t\t\t<img fetchpriority=\"high\" decoding=\"async\" width=\"800\" height=\"500\" src=\"https:\/\/hrvatska-udruga-kristalografa.hr\/htcc6\/wp-content\/uploads\/2023\/11\/HRZZ-800x500-11.png\" class=\"attachment-large size-large wp-image-2376\" alt=\"\" srcset=\"https:\/\/hrvatska-udruga-kristalografa.hr\/htcc6\/wp-content\/uploads\/2023\/11\/HRZZ-800x500-11.png 800w, https:\/\/hrvatska-udruga-kristalografa.hr\/htcc6\/wp-content\/uploads\/2023\/11\/HRZZ-800x500-11-300x188.png 300w, https:\/\/hrvatska-udruga-kristalografa.hr\/htcc6\/wp-content\/uploads\/2023\/11\/HRZZ-800x500-11-768x480.png 768w\" sizes=\"(max-width: 800px) 100vw, 800px\" \/>\t\t\t\t\t\t\t\t<\/a>\n\t\t\t\t\t\t\t\t\t\t\t\t\t\t\t<\/div>\n\t\t\t\t<\/div>\n\t\t\t\t\t<\/div>\n\t\t<\/div>\n\t\t\t\t<div class=\"elementor-column elementor-col-50 elementor-inner-column elementor-element elementor-element-9efb701\" data-id=\"9efb701\" data-element_type=\"column\" data-e-type=\"column\">\n\t\t\t<div class=\"elementor-widget-wrap elementor-element-populated\">\n\t\t\t\t\t\t<div class=\"elementor-element elementor-element-2e6130a elementor-widget elementor-widget-image\" data-id=\"2e6130a\" data-element_type=\"widget\" data-e-type=\"widget\" data-widget_type=\"image.default\">\n\t\t\t\t<div class=\"elementor-widget-container\">\n\t\t\t\t\t\t\t\t\t\t\t\t\t\t\t\t<a href=\"https:\/\/calixdna.org\/\">\n\t\t\t\t\t\t\t<img decoding=\"async\" width=\"684\" height=\"448\" src=\"https:\/\/hrvatska-udruga-kristalografa.hr\/htcc6\/wp-content\/uploads\/2023\/11\/cropped-calixdna.webp\" class=\"attachment-large size-large wp-image-2375\" alt=\"\" srcset=\"https:\/\/hrvatska-udruga-kristalografa.hr\/htcc6\/wp-content\/uploads\/2023\/11\/cropped-calixdna.webp 684w, https:\/\/hrvatska-udruga-kristalografa.hr\/htcc6\/wp-content\/uploads\/2023\/11\/cropped-calixdna-300x196.webp 300w\" sizes=\"(max-width: 684px) 100vw, 684px\" \/>\t\t\t\t\t\t\t\t<\/a>\n\t\t\t\t\t\t\t\t\t\t\t\t\t\t\t<\/div>\n\t\t\t\t<\/div>\n\t\t\t\t\t<\/div>\n\t\t<\/div>\n\t\t\t\t\t<\/div>\n\t\t<\/section>\n\t\t\t\t<section class=\"elementor-section elementor-inner-section elementor-element elementor-element-89c78b8 elementor-section-boxed elementor-section-height-default elementor-section-height-default\" data-id=\"89c78b8\" data-element_type=\"section\" data-e-type=\"section\">\n\t\t\t\t\t\t<div class=\"elementor-container elementor-column-gap-default\">\n\t\t\t\t\t<div class=\"elementor-column elementor-col-100 elementor-inner-column elementor-element elementor-element-e6926db\" data-id=\"e6926db\" data-element_type=\"column\" data-e-type=\"column\">\n\t\t\t<div class=\"elementor-widget-wrap elementor-element-populated\">\n\t\t\t\t\t\t<div class=\"elementor-element elementor-element-e782578 elementor-widget elementor-widget-text-editor\" data-id=\"e782578\" data-element_type=\"widget\" data-e-type=\"widget\" data-widget_type=\"text-editor.default\">\n\t\t\t\t<div class=\"elementor-widget-container\">\n\t\t\t\t\t\t\t\t\t<p style=\"text-align: justify;\">Croatian Science Foundation is generously supporting the organization of the HTCC6 through the project calixDNA.<\/p>\t\t\t\t\t\t\t\t<\/div>\n\t\t\t\t<\/div>\n\t\t\t\t\t<\/div>\n\t\t<\/div>\n\t\t\t\t\t<\/div>\n\t\t<\/section>\n\t\t\t\t\t<\/div>\n\t\t<\/div>\n\t\t\t\t<div class=\"elementor-column elementor-col-33 elementor-top-column elementor-element elementor-element-c884dd1\" data-id=\"c884dd1\" data-element_type=\"column\" data-e-type=\"column\">\n\t\t\t<div class=\"elementor-widget-wrap elementor-element-populated\">\n\t\t\t\t\t\t<section class=\"elementor-section elementor-inner-section elementor-element elementor-element-201e033 elementor-section-boxed elementor-section-height-default elementor-section-height-default\" data-id=\"201e033\" data-element_type=\"section\" data-e-type=\"section\">\n\t\t\t\t\t\t<div class=\"elementor-container elementor-column-gap-default\">\n\t\t\t\t\t<div class=\"elementor-column elementor-col-100 elementor-inner-column elementor-element elementor-element-2335e33\" data-id=\"2335e33\" data-element_type=\"column\" data-e-type=\"column\">\n\t\t\t<div class=\"elementor-widget-wrap\">\n\t\t\t\t\t\t\t<\/div>\n\t\t<\/div>\n\t\t\t\t\t<\/div>\n\t\t<\/section>\n\t\t\t\t<section class=\"elementor-section elementor-inner-section elementor-element elementor-element-ba9a09a elementor-section-boxed elementor-section-height-default elementor-section-height-default\" data-id=\"ba9a09a\" data-element_type=\"section\" data-e-type=\"section\">\n\t\t\t\t\t\t<div class=\"elementor-container elementor-column-gap-default\">\n\t\t\t\t\t<div class=\"elementor-column elementor-col-100 elementor-inner-column elementor-element elementor-element-3545938\" data-id=\"3545938\" data-element_type=\"column\" data-e-type=\"column\">\n\t\t\t<div class=\"elementor-widget-wrap elementor-element-populated\">\n\t\t\t\t\t\t<div class=\"elementor-element elementor-element-b1c4207 elementor-widget elementor-widget-text-editor\" data-id=\"b1c4207\" data-element_type=\"widget\" data-e-type=\"widget\" data-widget_type=\"text-editor.default\">\n\t\t\t\t<div class=\"elementor-widget-container\">\n\t\t\t\t\t\t\t\t\t<p style=\"text-align: justify;\">Ru\u0111er Bo\u0161kovi\u0107 Institute, the largest Croatian research institution, generously endorses HTCC workshops.<\/p>\t\t\t\t\t\t\t\t<\/div>\n\t\t\t\t<\/div>\n\t\t\t\t<div class=\"elementor-element elementor-element-4c660f9 elementor-widget elementor-widget-image\" data-id=\"4c660f9\" data-element_type=\"widget\" data-e-type=\"widget\" data-widget_type=\"image.default\">\n\t\t\t\t<div class=\"elementor-widget-container\">\n\t\t\t\t\t\t\t\t\t\t\t\t\t\t\t\t<a href=\"https:\/\/www.irb.hr\/\">\n\t\t\t\t\t\t\t<img decoding=\"async\" src=\"https:\/\/hrvatska-udruga-kristalografa.hr\/htcc6\/wp-content\/uploads\/2023\/07\/IRB-logo.jpg\" title=\"IRB-logo\" alt=\"Ru\u0111er Bo\u0161kovi\u0107 Institute, the largest Croatian research institution, generously endorses HTCC workshops.\" loading=\"lazy\" \/>\t\t\t\t\t\t\t\t<\/a>\n\t\t\t\t\t\t\t\t\t\t\t\t\t\t\t<\/div>\n\t\t\t\t<\/div>\n\t\t\t\t\t<\/div>\n\t\t<\/div>\n\t\t\t\t\t<\/div>\n\t\t<\/section>\n\t\t\t\t\t<\/div>\n\t\t<\/div>\n\t\t\t\t<div class=\"elementor-column elementor-col-33 elementor-top-column elementor-element elementor-element-98f7f20\" data-id=\"98f7f20\" data-element_type=\"column\" data-e-type=\"column\">\n\t\t\t<div class=\"elementor-widget-wrap elementor-element-populated\">\n\t\t\t\t\t\t<div class=\"elementor-element elementor-element-ebc1b57 elementor-widget elementor-widget-image\" data-id=\"ebc1b57\" data-element_type=\"widget\" data-e-type=\"widget\" data-widget_type=\"image.default\">\n\t\t\t\t<div class=\"elementor-widget-container\">\n\t\t\t\t\t\t\t\t\t\t\t\t\t\t\t\t<a href=\"https:\/\/www.iucr.org\/\">\n\t\t\t\t\t\t\t<img decoding=\"async\" src=\"https:\/\/hrvatska-udruga-kristalografa.hr\/htcc6\/wp-content\/uploads\/2023\/07\/IUCr-100x100-1.png\" title=\"IUCr-100&#215;100\" alt=\"IUCr-100x100\" loading=\"lazy\" \/>\t\t\t\t\t\t\t\t<\/a>\n\t\t\t\t\t\t\t\t\t\t\t\t\t\t\t<\/div>\n\t\t\t\t<\/div>\n\t\t\t\t<section class=\"elementor-section elementor-inner-section elementor-element elementor-element-ad1954a elementor-section-boxed elementor-section-height-default elementor-section-height-default\" data-id=\"ad1954a\" data-element_type=\"section\" data-e-type=\"section\">\n\t\t\t\t\t\t<div class=\"elementor-container elementor-column-gap-default\">\n\t\t\t\t\t<div class=\"elementor-column elementor-col-100 elementor-inner-column elementor-element elementor-element-f21d013\" data-id=\"f21d013\" data-element_type=\"column\" data-e-type=\"column\">\n\t\t\t<div class=\"elementor-widget-wrap elementor-element-populated\">\n\t\t\t\t\t\t<div class=\"elementor-element elementor-element-7939f7a elementor-widget elementor-widget-text-editor\" data-id=\"7939f7a\" data-element_type=\"widget\" data-e-type=\"widget\" data-widget_type=\"text-editor.default\">\n\t\t\t\t<div class=\"elementor-widget-container\">\n\t\t\t\t\t\t\t\t\t<p style=\"text-align: justify;\">IUCr is traditionally endorsing the bursary scheme of the HTCC workshops.<\/p>\t\t\t\t\t\t\t\t<\/div>\n\t\t\t\t<\/div>\n\t\t\t\t\t<\/div>\n\t\t<\/div>\n\t\t\t\t\t<\/div>\n\t\t<\/section>\n\t\t\t\t\t<\/div>\n\t\t<\/div>\n\t\t\t\t\t<\/div>\n\t\t<\/section>\n\t\t\t\t<section class=\"elementor-section elementor-top-section elementor-element elementor-element-3d0855e elementor-section-boxed elementor-section-height-default elementor-section-height-default\" data-id=\"3d0855e\" data-element_type=\"section\" data-e-type=\"section\">\n\t\t\t\t\t\t<div class=\"elementor-container elementor-column-gap-default\">\n\t\t\t\t\t<div class=\"elementor-column elementor-col-25 elementor-top-column elementor-element elementor-element-ca0ab64\" data-id=\"ca0ab64\" data-element_type=\"column\" data-e-type=\"column\">\n\t\t\t<div class=\"elementor-widget-wrap elementor-element-populated\">\n\t\t\t\t\t\t<div class=\"elementor-element elementor-element-294f4ab elementor-widget elementor-widget-image\" data-id=\"294f4ab\" data-element_type=\"widget\" data-e-type=\"widget\" data-widget_type=\"image.default\">\n\t\t\t\t<div class=\"elementor-widget-container\">\n\t\t\t\t\t\t\t\t\t\t\t\t\t\t\t\t<a href=\"https:\/\/www.douglas.co.uk\/\">\n\t\t\t\t\t\t\t<img decoding=\"async\" src=\"https:\/\/hrvatska-udruga-kristalografa.hr\/htcc6\/wp-content\/uploads\/2023\/09\/DouglasInstruments-768x254-1.jpg\" title=\"DouglasInstruments-768&#215;254\" alt=\"DouglasInstruments-768x254\" loading=\"lazy\" \/>\t\t\t\t\t\t\t\t<\/a>\n\t\t\t\t\t\t\t\t\t\t\t\t\t\t\t<\/div>\n\t\t\t\t<\/div>\n\t\t\t\t<section class=\"elementor-section elementor-inner-section elementor-element elementor-element-2143a58 elementor-section-boxed elementor-section-height-default elementor-section-height-default\" data-id=\"2143a58\" data-element_type=\"section\" data-e-type=\"section\">\n\t\t\t\t\t\t<div class=\"elementor-container elementor-column-gap-default\">\n\t\t\t\t\t<div class=\"elementor-column elementor-col-100 elementor-inner-column elementor-element elementor-element-c2ae179\" data-id=\"c2ae179\" data-element_type=\"column\" data-e-type=\"column\">\n\t\t\t<div class=\"elementor-widget-wrap elementor-element-populated\">\n\t\t\t\t\t\t<div class=\"elementor-element elementor-element-ab7b609 elementor-widget elementor-widget-text-editor\" data-id=\"ab7b609\" data-element_type=\"widget\" data-e-type=\"widget\" data-widget_type=\"text-editor.default\">\n\t\t\t\t<div class=\"elementor-widget-container\">\n\t\t\t\t\t\t\t\t\t<p style=\"text-align: justify;\">The A1 activity &#8220;Bring your own sample&#8221; is entirely organized and supported by Douglas Instruments.<\/p>\t\t\t\t\t\t\t\t<\/div>\n\t\t\t\t<\/div>\n\t\t\t\t\t<\/div>\n\t\t<\/div>\n\t\t\t\t\t<\/div>\n\t\t<\/section>\n\t\t\t\t\t<\/div>\n\t\t<\/div>\n\t\t\t\t<div class=\"elementor-column elementor-col-25 elementor-top-column elementor-element elementor-element-e3aad18\" data-id=\"e3aad18\" data-element_type=\"column\" data-e-type=\"column\">\n\t\t\t<div class=\"elementor-widget-wrap elementor-element-populated\">\n\t\t\t\t\t\t<div class=\"elementor-element elementor-element-cc749a0 elementor-widget elementor-widget-image\" data-id=\"cc749a0\" data-element_type=\"widget\" data-e-type=\"widget\" data-widget_type=\"image.default\">\n\t\t\t\t<div class=\"elementor-widget-container\">\n\t\t\t\t\t\t\t\t\t\t\t\t\t\t\t\t<a href=\"http:\/\/www.labena.hr\/\">\n\t\t\t\t\t\t\t<img decoding=\"async\" src=\"https:\/\/hrvatska-udruga-kristalografa.hr\/htcc6\/wp-content\/uploads\/2023\/12\/Labena_Logo.png\" title=\"Labena_Logo\" alt=\"Labena_Logo\" loading=\"lazy\" \/>\t\t\t\t\t\t\t\t<\/a>\n\t\t\t\t\t\t\t\t\t\t\t\t\t\t\t<\/div>\n\t\t\t\t<\/div>\n\t\t\t\t<section class=\"elementor-section elementor-inner-section elementor-element elementor-element-f18471b elementor-section-boxed elementor-section-height-default elementor-section-height-default\" data-id=\"f18471b\" data-element_type=\"section\" data-e-type=\"section\">\n\t\t\t\t\t\t<div class=\"elementor-container elementor-column-gap-default\">\n\t\t\t\t\t<div class=\"elementor-column elementor-col-100 elementor-inner-column elementor-element elementor-element-da4e65c\" data-id=\"da4e65c\" data-element_type=\"column\" data-e-type=\"column\">\n\t\t\t<div class=\"elementor-widget-wrap elementor-element-populated\">\n\t\t\t\t\t\t\t<\/div>\n\t\t<\/div>\n\t\t\t\t\t<\/div>\n\t\t<\/section>\n\t\t\t\t\t<\/div>\n\t\t<\/div>\n\t\t\t\t<div class=\"elementor-column elementor-col-25 elementor-top-column elementor-element elementor-element-111aff2\" data-id=\"111aff2\" data-element_type=\"column\" data-e-type=\"column\">\n\t\t\t<div class=\"elementor-widget-wrap elementor-element-populated\">\n\t\t\t\t\t\t<div class=\"elementor-element elementor-element-ed48cb8 elementor-widget elementor-widget-image\" data-id=\"ed48cb8\" data-element_type=\"widget\" data-e-type=\"widget\" data-widget_type=\"image.default\">\n\t\t\t\t<div class=\"elementor-widget-container\">\n\t\t\t\t\t\t\t\t\t\t\t\t\t\t\t\t<a href=\"https:\/\/selvita.com\/\">\n\t\t\t\t\t\t\t<img decoding=\"async\" src=\"https:\/\/hrvatska-udruga-kristalografa.hr\/htcc6\/wp-content\/uploads\/2024\/03\/logo_selvita-e1710854411295.png\" title=\"logo_selvita\" alt=\"logo_selvita\" loading=\"lazy\" \/>\t\t\t\t\t\t\t\t<\/a>\n\t\t\t\t\t\t\t\t\t\t\t\t\t\t\t<\/div>\n\t\t\t\t<\/div>\n\t\t\t\t\t<\/div>\n\t\t<\/div>\n\t\t\t\t<div class=\"elementor-column elementor-col-25 elementor-top-column elementor-element elementor-element-33d07b1\" data-id=\"33d07b1\" data-element_type=\"column\" data-e-type=\"column\">\n\t\t\t<div class=\"elementor-widget-wrap elementor-element-populated\">\n\t\t\t\t\t\t<div class=\"elementor-element elementor-element-d3d91dc elementor-widget elementor-widget-image\" data-id=\"d3d91dc\" data-element_type=\"widget\" data-e-type=\"widget\" data-widget_type=\"image.default\">\n\t\t\t\t<div class=\"elementor-widget-container\">\n\t\t\t\t\t\t\t\t\t\t\t\t\t\t\t\t<a href=\"https:\/\/ecanews.org\/\">\n\t\t\t\t\t\t\t<img decoding=\"async\" width=\"768\" height=\"217\" src=\"https:\/\/hrvatska-udruga-kristalografa.hr\/htcc6\/wp-content\/uploads\/2023\/11\/eca-logo2-768x217-1.png\" class=\"attachment-large size-large wp-image-2378\" alt=\"\" srcset=\"https:\/\/hrvatska-udruga-kristalografa.hr\/htcc6\/wp-content\/uploads\/2023\/11\/eca-logo2-768x217-1.png 768w, https:\/\/hrvatska-udruga-kristalografa.hr\/htcc6\/wp-content\/uploads\/2023\/11\/eca-logo2-768x217-1-300x85.png 300w\" sizes=\"(max-width: 768px) 100vw, 768px\" \/>\t\t\t\t\t\t\t\t<\/a>\n\t\t\t\t\t\t\t\t\t\t\t\t\t\t\t<\/div>\n\t\t\t\t<\/div>\n\t\t\t\t<div class=\"elementor-element elementor-element-5eba78d elementor-widget elementor-widget-text-editor\" data-id=\"5eba78d\" data-element_type=\"widget\" data-e-type=\"widget\" data-widget_type=\"text-editor.default\">\n\t\t\t\t<div class=\"elementor-widget-container\">\n\t\t\t\t\t\t\t\t\t<p style=\"text-align: justify;\">ECA is traditionally endorsing the bursary scheme of the HTCC workshops.<\/p>\t\t\t\t\t\t\t\t<\/div>\n\t\t\t\t<\/div>\n\t\t\t\t\t<\/div>\n\t\t<\/div>\n\t\t\t\t\t<\/div>\n\t\t<\/section>\n\t\t\t\t<section class=\"elementor-section elementor-top-section elementor-element elementor-element-e18a8fd elementor-section-boxed elementor-section-height-default elementor-section-height-default\" data-id=\"e18a8fd\" data-element_type=\"section\" data-e-type=\"section\">\n\t\t\t\t\t\t<div class=\"elementor-container elementor-column-gap-default\">\n\t\t\t\t\t<div class=\"elementor-column elementor-col-25 elementor-top-column elementor-element elementor-element-5ed4034\" data-id=\"5ed4034\" data-element_type=\"column\" data-e-type=\"column\">\n\t\t\t<div class=\"elementor-widget-wrap elementor-element-populated\">\n\t\t\t\t\t\t<section class=\"elementor-section elementor-inner-section elementor-element elementor-element-45b98ab elementor-section-boxed elementor-section-height-default elementor-section-height-default\" data-id=\"45b98ab\" data-element_type=\"section\" data-e-type=\"section\">\n\t\t\t\t\t\t<div class=\"elementor-container elementor-column-gap-default\">\n\t\t\t\t\t<div class=\"elementor-column elementor-col-100 elementor-inner-column elementor-element elementor-element-fb0e992\" data-id=\"fb0e992\" data-element_type=\"column\" data-e-type=\"column\">\n\t\t\t<div class=\"elementor-widget-wrap elementor-element-populated\">\n\t\t\t\t\t\t<div class=\"elementor-element elementor-element-4475ca9 elementor-widget elementor-widget-image\" data-id=\"4475ca9\" data-element_type=\"widget\" data-e-type=\"widget\" data-widget_type=\"image.default\">\n\t\t\t\t<div class=\"elementor-widget-container\">\n\t\t\t\t\t\t\t\t\t\t\t\t\t\t\t\t<a href=\"https:\/\/www.bruker.com\/scd\">\n\t\t\t\t\t\t\t<img decoding=\"async\" src=\"https:\/\/hrvatska-udruga-kristalografa.hr\/htcc6\/wp-content\/uploads\/2023\/11\/logo_rgb_300dpi.jpg\" title=\"logo_rgb_300dpi\" alt=\"logo_rgb_300dpi\" loading=\"lazy\" \/>\t\t\t\t\t\t\t\t<\/a>\n\t\t\t\t\t\t\t\t\t\t\t\t\t\t\t<\/div>\n\t\t\t\t<\/div>\n\t\t\t\t\t<\/div>\n\t\t<\/div>\n\t\t\t\t\t<\/div>\n\t\t<\/section>\n\t\t\t\t\t<\/div>\n\t\t<\/div>\n\t\t\t\t<div class=\"elementor-column elementor-col-25 elementor-top-column elementor-element elementor-element-eba97de\" data-id=\"eba97de\" data-element_type=\"column\" data-e-type=\"column\">\n\t\t\t<div class=\"elementor-widget-wrap elementor-element-populated\">\n\t\t\t\t\t\t<div class=\"elementor-element elementor-element-4b71bc6 elementor-widget elementor-widget-image\" data-id=\"4b71bc6\" data-element_type=\"widget\" data-e-type=\"widget\" data-widget_type=\"image.default\">\n\t\t\t\t<div class=\"elementor-widget-container\">\n\t\t\t\t\t\t\t\t\t\t\t\t\t\t\t\t<a href=\"https:\/\/www.ccdc.cam.ac.uk\/\">\n\t\t\t\t\t\t\t<img decoding=\"async\" src=\"https:\/\/hrvatska-udruga-kristalografa.hr\/htcc6\/wp-content\/uploads\/2023\/07\/CCDC_brandstrapline.png\" title=\"CCDC_brand+strapline\" alt=\"CCDC_brand+strapline\" loading=\"lazy\" \/>\t\t\t\t\t\t\t\t<\/a>\n\t\t\t\t\t\t\t\t\t\t\t\t\t\t\t<\/div>\n\t\t\t\t<\/div>\n\t\t\t\t\t<\/div>\n\t\t<\/div>\n\t\t\t\t<div class=\"elementor-column elementor-col-25 elementor-top-column elementor-element elementor-element-b0eefc1\" data-id=\"b0eefc1\" data-element_type=\"column\" data-e-type=\"column\">\n\t\t\t<div class=\"elementor-widget-wrap elementor-element-populated\">\n\t\t\t\t\t\t<div class=\"elementor-element elementor-element-30b432e elementor-widget elementor-widget-image\" data-id=\"30b432e\" data-element_type=\"widget\" data-e-type=\"widget\" data-widget_type=\"image.default\">\n\t\t\t\t<div class=\"elementor-widget-container\">\n\t\t\t\t\t\t\t\t\t\t\t\t\t\t\t\t<a href=\"https:\/\/www.jenabioscience.com\/\">\n\t\t\t\t\t\t\t<img loading=\"lazy\" decoding=\"async\" width=\"800\" height=\"329\" src=\"https:\/\/hrvatska-udruga-kristalografa.hr\/htcc6\/wp-content\/uploads\/2024\/03\/Logo_4c_rgb_with_claim.jpg\" class=\"attachment-large size-large wp-image-2956\" alt=\"\" srcset=\"https:\/\/hrvatska-udruga-kristalografa.hr\/htcc6\/wp-content\/uploads\/2024\/03\/Logo_4c_rgb_with_claim.jpg 963w, https:\/\/hrvatska-udruga-kristalografa.hr\/htcc6\/wp-content\/uploads\/2024\/03\/Logo_4c_rgb_with_claim-300x123.jpg 300w, https:\/\/hrvatska-udruga-kristalografa.hr\/htcc6\/wp-content\/uploads\/2024\/03\/Logo_4c_rgb_with_claim-768x316.jpg 768w\" sizes=\"(max-width: 800px) 100vw, 800px\" \/>\t\t\t\t\t\t\t\t<\/a>\n\t\t\t\t\t\t\t\t\t\t\t\t\t\t\t<\/div>\n\t\t\t\t<\/div>\n\t\t\t\t\t<\/div>\n\t\t<\/div>\n\t\t\t\t<div class=\"elementor-column elementor-col-25 elementor-top-column elementor-element elementor-element-8143ac8\" data-id=\"8143ac8\" data-element_type=\"column\" data-e-type=\"column\">\n\t\t\t<div class=\"elementor-widget-wrap\">\n\t\t\t\t\t\t\t<\/div>\n\t\t<\/div>\n\t\t\t\t\t<\/div>\n\t\t<\/section>\n\t\t\t\t<\/div>\n\t\t","protected":false},"excerpt":{"rendered":"<p>Croatian Science Foundation is generously supporting the organization of the HTCC6 through the project calixDNA. Ru\u0111er Bo\u0161kovi\u0107 Institute, the largest Croatian research institution, generously endorses HTCC workshops. IUCr is traditionally endorsing the bursary scheme of the HTCC workshops. The A1 activity &#8220;Bring your own sample&#8221; is entirely organized and supported by Douglas Instruments. ECA is [&hellip;]<\/p>\n","protected":false},"author":1,"featured_media":0,"parent":75,"menu_order":0,"comment_status":"closed","ping_status":"closed","template":"","meta":{"footnotes":""},"class_list":["post-77","page","type-page","status-publish","hentry"],"_links":{"self":[{"href":"https:\/\/hrvatska-udruga-kristalografa.hr\/htcc6\/wp-json\/wp\/v2\/pages\/77","targetHints":{"allow":["GET"]}}],"collection":[{"href":"https:\/\/hrvatska-udruga-kristalografa.hr\/htcc6\/wp-json\/wp\/v2\/pages"}],"about":[{"href":"https:\/\/hrvatska-udruga-kristalografa.hr\/htcc6\/wp-json\/wp\/v2\/types\/page"}],"author":[{"embeddable":true,"href":"https:\/\/hrvatska-udruga-kristalografa.hr\/htcc6\/wp-json\/wp\/v2\/users\/1"}],"replies":[{"embeddable":true,"href":"https:\/\/hrvatska-udruga-kristalografa.hr\/htcc6\/wp-json\/wp\/v2\/comments?post=77"}],"version-history":[{"count":58,"href":"https:\/\/hrvatska-udruga-kristalografa.hr\/htcc6\/wp-json\/wp\/v2\/pages\/77\/revisions"}],"predecessor-version":[{"id":3056,"href":"https:\/\/hrvatska-udruga-kristalografa.hr\/htcc6\/wp-json\/wp\/v2\/pages\/77\/revisions\/3056"}],"up":[{"embeddable":true,"href":"https:\/\/hrvatska-udruga-kristalografa.hr\/htcc6\/wp-json\/wp\/v2\/pages\/75"}],"wp:attachment":[{"href":"https:\/\/hrvatska-udruga-kristalografa.hr\/htcc6\/wp-json\/wp\/v2\/media?parent=77"}],"curies":[{"name":"wp","href":"https:\/\/api.w.org\/{rel}","templated":true}]}}