{"id":85,"date":"2023-06-30T20:58:48","date_gmt":"2023-06-30T20:58:48","guid":{"rendered":"https:\/\/htcc6.org\/?page_id=85"},"modified":"2023-07-10T17:46:38","modified_gmt":"2023-07-10T17:46:38","slug":"cac-huk","status":"publish","type":"page","link":"https:\/\/hrvatska-udruga-kristalografa.hr\/htcc6\/about-us\/cac-huk\/","title":{"rendered":"CAC &#8211; HUK"},"content":{"rendered":"\t\t<div data-elementor-type=\"wp-page\" data-elementor-id=\"85\" class=\"elementor elementor-85\" data-elementor-post-type=\"page\">\n\t\t\t\t\t\t<section class=\"elementor-section elementor-top-section elementor-element elementor-element-df74126 elementor-section-boxed elementor-section-height-default elementor-section-height-default\" data-id=\"df74126\" data-element_type=\"section\" data-e-type=\"section\">\n\t\t\t\t\t\t<div class=\"elementor-container elementor-column-gap-default\">\n\t\t\t\t\t<div class=\"elementor-column elementor-col-100 elementor-top-column elementor-element elementor-element-0a998e2\" data-id=\"0a998e2\" data-element_type=\"column\" data-e-type=\"column\">\n\t\t\t<div class=\"elementor-widget-wrap elementor-element-populated\">\n\t\t\t\t\t\t<div class=\"elementor-element elementor-element-b6da3ba elementor-widget elementor-widget-text-editor\" data-id=\"b6da3ba\" data-element_type=\"widget\" data-e-type=\"widget\" data-widget_type=\"text-editor.default\">\n\t\t\t\t<div class=\"elementor-widget-container\">\n\t\t\t\t\t\t\t\t\t<p style=\"text-align: justify;\"><a href=\"http:\/\/hrvatska-udruga-kristalografa.hr\/htcc5\/language\/en\/\" target=\"_blank\" rel=\"noopener\"><img fetchpriority=\"high\" decoding=\"async\" class=\"size-medium wp-image-1144 alignleft\" src=\"https:\/\/htcc6.org\/wp-content\/uploads\/2023\/07\/hukologo-300x246.jpg\" alt=\"\" width=\"300\" height=\"246\" srcset=\"https:\/\/hrvatska-udruga-kristalografa.hr\/htcc6\/wp-content\/uploads\/2023\/07\/hukologo-300x246.jpg 300w, https:\/\/hrvatska-udruga-kristalografa.hr\/htcc6\/wp-content\/uploads\/2023\/07\/hukologo.jpg 381w\" sizes=\"(max-width: 300px) 100vw, 300px\" \/>Croatian Association of Crystallographers (CAC)<\/a>\u00a0is a professional association and a non-profit organization, established on August 24th, 2012 with the objectives of promoting excellence, collaboration, and career development within the Croatian crystallographic community and promoting Croatia as the regional stronghold of crystallography. These objectives are being accomplished by organizing international workshops, conferences, and other scientific meetings, helping and promoting the international collaboration of scientists, visits abroad, life-long education of its members, and funding the research activities. 29th European Crystallographic Meeting (Rovinj, Croatia, 2015) with over 1000 participants, 3rd European Crystallography School (Bol, Croatia, 2016), 17th European Powder diffraction meeting (\u0160ibenik, Croatia, 2022), and the series of HTCC workshops make up our conference portfolio.<\/p><p style=\"text-align: justify;\">CAC has two types of membership \u2013\u00a0<a href=\"http:\/\/hrvatska-udruga-kristalografa.hr\/htcc5\/regular-members-2\/\" target=\"_blank\" rel=\"noopener\">regular<\/a> (25 members) and <a href=\"http:\/\/hrvatska-udruga-kristalografa.hr\/htcc5\/membership\/honorary-members\/\" target=\"_blank\" rel=\"noopener\">honorary\u00a0<\/a>(5 members). All regular members are automatically members of the Assembly, which is the supreme governing body of the Association. The elected president of the Association is dr. Aleksandar Vi\u0161njevac, and vice-president, prof. dr. Ana \u0160anti\u0107.<\/p>\t\t\t\t\t\t\t\t<\/div>\n\t\t\t\t<\/div>\n\t\t\t\t\t<\/div>\n\t\t<\/div>\n\t\t\t\t\t<\/div>\n\t\t<\/section>\n\t\t\t\t<\/div>\n\t\t","protected":false},"excerpt":{"rendered":"<p>Croatian Association of Crystallographers (CAC)\u00a0is a professional association and a non-profit organization, established on August 24th, 2012 with the objectives of promoting excellence, collaboration, and career development within the Croatian crystallographic community and promoting Croatia as the regional stronghold of crystallography. These objectives are being accomplished by organizing international workshops, conferences, and other scientific meetings, [&hellip;]<\/p>\n","protected":false},"author":1,"featured_media":0,"parent":83,"menu_order":0,"comment_status":"closed","ping_status":"closed","template":"","meta":{"footnotes":""},"class_list":["post-85","page","type-page","status-publish","hentry"],"_links":{"self":[{"href":"https:\/\/hrvatska-udruga-kristalografa.hr\/htcc6\/wp-json\/wp\/v2\/pages\/85","targetHints":{"allow":["GET"]}}],"collection":[{"href":"https:\/\/hrvatska-udruga-kristalografa.hr\/htcc6\/wp-json\/wp\/v2\/pages"}],"about":[{"href":"https:\/\/hrvatska-udruga-kristalografa.hr\/htcc6\/wp-json\/wp\/v2\/types\/page"}],"author":[{"embeddable":true,"href":"https:\/\/hrvatska-udruga-kristalografa.hr\/htcc6\/wp-json\/wp\/v2\/users\/1"}],"replies":[{"embeddable":true,"href":"https:\/\/hrvatska-udruga-kristalografa.hr\/htcc6\/wp-json\/wp\/v2\/comments?post=85"}],"version-history":[{"count":10,"href":"https:\/\/hrvatska-udruga-kristalografa.hr\/htcc6\/wp-json\/wp\/v2\/pages\/85\/revisions"}],"predecessor-version":[{"id":1147,"href":"https:\/\/hrvatska-udruga-kristalografa.hr\/htcc6\/wp-json\/wp\/v2\/pages\/85\/revisions\/1147"}],"up":[{"embeddable":true,"href":"https:\/\/hrvatska-udruga-kristalografa.hr\/htcc6\/wp-json\/wp\/v2\/pages\/83"}],"wp:attachment":[{"href":"https:\/\/hrvatska-udruga-kristalografa.hr\/htcc6\/wp-json\/wp\/v2\/media?parent=85"}],"curies":[{"name":"wp","href":"https:\/\/api.w.org\/{rel}","templated":true}]}}