{"id":87,"date":"2023-06-30T20:59:10","date_gmt":"2023-06-30T20:59:10","guid":{"rendered":"https:\/\/htcc6.org\/?page_id=87"},"modified":"2023-09-13T15:03:18","modified_gmt":"2023-09-13T15:03:18","slug":"committee","status":"publish","type":"page","link":"https:\/\/hrvatska-udruga-kristalografa.hr\/htcc6\/about-us\/committee\/","title":{"rendered":"Committee"},"content":{"rendered":"\t\t<div data-elementor-type=\"wp-page\" data-elementor-id=\"87\" class=\"elementor elementor-87\" data-elementor-post-type=\"page\">\n\t\t\t\t\t\t<section class=\"elementor-section elementor-top-section elementor-element elementor-element-3344489 elementor-section-boxed elementor-section-height-default elementor-section-height-default\" data-id=\"3344489\" data-element_type=\"section\" data-e-type=\"section\">\n\t\t\t\t\t\t<div class=\"elementor-container elementor-column-gap-default\">\n\t\t\t\t\t<div class=\"elementor-column elementor-col-100 elementor-top-column elementor-element elementor-element-0bc69a6\" data-id=\"0bc69a6\" data-element_type=\"column\" data-e-type=\"column\">\n\t\t\t<div class=\"elementor-widget-wrap elementor-element-populated\">\n\t\t\t\t\t\t<div class=\"elementor-element elementor-element-f5b380a elementor-widget elementor-widget-heading\" data-id=\"f5b380a\" data-element_type=\"widget\" data-e-type=\"widget\" data-widget_type=\"heading.default\">\n\t\t\t\t<div class=\"elementor-widget-container\">\n\t\t\t\t\t<h2 class=\"elementor-heading-title elementor-size-default\">Scientific &amp; Organizing Committee of the HTCC6<\/h2>\t\t\t\t<\/div>\n\t\t\t\t<\/div>\n\t\t\t\t\t<\/div>\n\t\t<\/div>\n\t\t\t\t\t<\/div>\n\t\t<\/section>\n\t\t\t\t<section class=\"elementor-section elementor-top-section elementor-element elementor-element-1a9b938 elementor-section-boxed elementor-section-height-default elementor-section-height-default\" data-id=\"1a9b938\" data-element_type=\"section\" data-e-type=\"section\">\n\t\t\t\t\t\t<div class=\"elementor-container elementor-column-gap-default\">\n\t\t\t\t\t<div class=\"elementor-column elementor-col-33 elementor-top-column elementor-element elementor-element-a2228ff\" data-id=\"a2228ff\" data-element_type=\"column\" data-e-type=\"column\">\n\t\t\t<div class=\"elementor-widget-wrap elementor-element-populated\">\n\t\t\t\t\t\t<div class=\"elementor-element elementor-element-a30d289 elementor-widget elementor-widget-image\" data-id=\"a30d289\" data-element_type=\"widget\" data-e-type=\"widget\" data-widget_type=\"image.default\">\n\t\t\t\t<div class=\"elementor-widget-container\">\n\t\t\t\t\t\t\t\t\t\t\t\t\t\t\t<img decoding=\"async\" width=\"150\" height=\"150\" src=\"https:\/\/hrvatska-udruga-kristalografa.hr\/htcc6\/wp-content\/uploads\/2023\/09\/a0cd859d-2b76-47a6-b664-bf777b9459f9-150x150-1.jpg\" class=\"attachment-thumbnail size-thumbnail wp-image-1629\" alt=\"\" \/>\t\t\t\t\t\t\t\t\t\t\t\t\t\t\t<\/div>\n\t\t\t\t<\/div>\n\t\t\t\t\t<\/div>\n\t\t<\/div>\n\t\t\t\t<div class=\"elementor-column elementor-col-66 elementor-top-column elementor-element elementor-element-f720159\" data-id=\"f720159\" data-element_type=\"column\" data-e-type=\"column\">\n\t\t\t<div class=\"elementor-widget-wrap elementor-element-populated\">\n\t\t\t\t\t\t<div class=\"elementor-element elementor-element-7596c40 elementor-widget elementor-widget-text-editor\" data-id=\"7596c40\" data-element_type=\"widget\" data-e-type=\"widget\" data-widget_type=\"text-editor.default\">\n\t\t\t\t<div class=\"elementor-widget-container\">\n\t\t\t\t\t\t\t\t\t<p><strong><a href=\"https:\/\/calixdna.org\/visnjevac\/\" target=\"_blank\" rel=\"noopener\">Dr.Sc. Aleksandar Vi\u0161njevac<\/a><\/strong><\/p><p>Ru\u0111er Bo\u0161kovi\u0107 Institute<br \/>Zagreb, Croatia<br \/><em>chair<\/em><\/p>\t\t\t\t\t\t\t\t<\/div>\n\t\t\t\t<\/div>\n\t\t\t\t\t<\/div>\n\t\t<\/div>\n\t\t\t\t\t<\/div>\n\t\t<\/section>\n\t\t\t\t<section class=\"elementor-section elementor-top-section elementor-element elementor-element-60a971a elementor-section-boxed elementor-section-height-default elementor-section-height-default\" data-id=\"60a971a\" data-element_type=\"section\" data-e-type=\"section\">\n\t\t\t\t\t\t<div class=\"elementor-container elementor-column-gap-default\">\n\t\t\t\t\t<div class=\"elementor-column elementor-col-33 elementor-top-column elementor-element elementor-element-a9a0917\" data-id=\"a9a0917\" data-element_type=\"column\" data-e-type=\"column\">\n\t\t\t<div class=\"elementor-widget-wrap elementor-element-populated\">\n\t\t\t\t\t\t<div class=\"elementor-element elementor-element-b85f876 elementor-widget elementor-widget-image\" data-id=\"b85f876\" data-element_type=\"widget\" data-e-type=\"widget\" data-widget_type=\"image.default\">\n\t\t\t\t<div class=\"elementor-widget-container\">\n\t\t\t\t\t\t\t\t\t\t\t\t\t\t\t<img decoding=\"async\" width=\"150\" height=\"150\" src=\"https:\/\/hrvatska-udruga-kristalografa.hr\/htcc6\/wp-content\/uploads\/2023\/09\/vrankic-150x150-1.jpg\" class=\"attachment-large size-large wp-image-1630\" alt=\"\" \/>\t\t\t\t\t\t\t\t\t\t\t\t\t\t\t<\/div>\n\t\t\t\t<\/div>\n\t\t\t\t\t<\/div>\n\t\t<\/div>\n\t\t\t\t<div class=\"elementor-column elementor-col-66 elementor-top-column elementor-element elementor-element-3ff7dc4\" data-id=\"3ff7dc4\" data-element_type=\"column\" data-e-type=\"column\">\n\t\t\t<div class=\"elementor-widget-wrap elementor-element-populated\">\n\t\t\t\t\t\t<div class=\"elementor-element elementor-element-199113f elementor-widget elementor-widget-text-editor\" data-id=\"199113f\" data-element_type=\"widget\" data-e-type=\"widget\" data-widget_type=\"text-editor.default\">\n\t\t\t\t<div class=\"elementor-widget-container\">\n\t\t\t\t\t\t\t\t\t<p><a href=\"https:\/\/www.irb.hr\/eng\/About-RBI\/People\/Martina-Vrankic\" target=\"_blank\" rel=\"noopener\">Dr.Sc. Martina Vranki\u0107<\/a><\/p><p>Ru\u0111er Bo\u0161kovi\u0107 Institute<br \/>Zagreb, Croatia<br \/><em>co-chair, in charge of bursaries, poster prizes, and organization<\/em><\/p>\t\t\t\t\t\t\t\t<\/div>\n\t\t\t\t<\/div>\n\t\t\t\t\t<\/div>\n\t\t<\/div>\n\t\t\t\t\t<\/div>\n\t\t<\/section>\n\t\t\t\t<section class=\"elementor-section elementor-top-section elementor-element elementor-element-61b31f5 elementor-section-boxed elementor-section-height-default elementor-section-height-default\" data-id=\"61b31f5\" data-element_type=\"section\" data-e-type=\"section\">\n\t\t\t\t\t\t<div class=\"elementor-container elementor-column-gap-default\">\n\t\t\t\t\t<div class=\"elementor-column elementor-col-33 elementor-top-column elementor-element elementor-element-c2606b7\" data-id=\"c2606b7\" data-element_type=\"column\" data-e-type=\"column\">\n\t\t\t<div class=\"elementor-widget-wrap elementor-element-populated\">\n\t\t\t\t\t\t<div class=\"elementor-element elementor-element-00d0992 elementor-widget elementor-widget-image\" data-id=\"00d0992\" data-element_type=\"widget\" data-e-type=\"widget\" data-widget_type=\"image.default\">\n\t\t\t\t<div class=\"elementor-widget-container\">\n\t\t\t\t\t\t\t\t\t\t\t\t\t\t\t<img decoding=\"async\" width=\"134\" height=\"150\" src=\"https:\/\/hrvatska-udruga-kristalografa.hr\/htcc6\/wp-content\/uploads\/2023\/09\/stefanic-134x150-1.jpg\" class=\"attachment-large size-large wp-image-1632\" alt=\"\" \/>\t\t\t\t\t\t\t\t\t\t\t\t\t\t\t<\/div>\n\t\t\t\t<\/div>\n\t\t\t\t\t<\/div>\n\t\t<\/div>\n\t\t\t\t<div class=\"elementor-column elementor-col-66 elementor-top-column elementor-element elementor-element-4970917\" data-id=\"4970917\" data-element_type=\"column\" data-e-type=\"column\">\n\t\t\t<div class=\"elementor-widget-wrap elementor-element-populated\">\n\t\t\t\t\t\t<div class=\"elementor-element elementor-element-ecd0d79 elementor-widget elementor-widget-text-editor\" data-id=\"ecd0d79\" data-element_type=\"widget\" data-e-type=\"widget\" data-widget_type=\"text-editor.default\">\n\t\t\t\t<div class=\"elementor-widget-container\">\n\t\t\t\t\t\t\t\t\t<p><a href=\"https:\/\/www.irb.hr\/eng\/About-RBI\/People\/Zoran-Stefanic\" target=\"_blank\" rel=\"noopener\">Dr.Sc. Zoran \u0160tefani\u0107<\/a><\/p><p>Ru\u0111er Bo\u0161kovi\u0107 Institute<br \/>Zagreb, Croatia<br \/><em>co-chair, in charge of scientific programme<\/em><\/p>\t\t\t\t\t\t\t\t<\/div>\n\t\t\t\t<\/div>\n\t\t\t\t\t<\/div>\n\t\t<\/div>\n\t\t\t\t\t<\/div>\n\t\t<\/section>\n\t\t\t\t<section class=\"elementor-section elementor-top-section elementor-element elementor-element-12278b7 elementor-section-boxed elementor-section-height-default elementor-section-height-default\" data-id=\"12278b7\" data-element_type=\"section\" data-e-type=\"section\">\n\t\t\t\t\t\t<div class=\"elementor-container elementor-column-gap-default\">\n\t\t\t\t\t<div class=\"elementor-column elementor-col-33 elementor-top-column elementor-element elementor-element-186e4dc\" data-id=\"186e4dc\" data-element_type=\"column\" data-e-type=\"column\">\n\t\t\t<div class=\"elementor-widget-wrap elementor-element-populated\">\n\t\t\t\t\t\t<div class=\"elementor-element elementor-element-609e3ab elementor-widget elementor-widget-image\" data-id=\"609e3ab\" data-element_type=\"widget\" data-e-type=\"widget\" data-widget_type=\"image.default\">\n\t\t\t\t<div class=\"elementor-widget-container\">\n\t\t\t\t\t\t\t\t\t\t\t\t\t\t\t<img loading=\"lazy\" decoding=\"async\" width=\"150\" height=\"150\" src=\"https:\/\/hrvatska-udruga-kristalografa.hr\/htcc6\/wp-content\/uploads\/2023\/09\/Elspeth-Garman016-scaled-e1655407594854-150x150-1.jpg\" class=\"attachment-large size-large wp-image-1612\" alt=\"\" \/>\t\t\t\t\t\t\t\t\t\t\t\t\t\t\t<\/div>\n\t\t\t\t<\/div>\n\t\t\t\t\t<\/div>\n\t\t<\/div>\n\t\t\t\t<div class=\"elementor-column elementor-col-66 elementor-top-column elementor-element elementor-element-b1ba0f6\" data-id=\"b1ba0f6\" data-element_type=\"column\" data-e-type=\"column\">\n\t\t\t<div class=\"elementor-widget-wrap elementor-element-populated\">\n\t\t\t\t\t\t<div class=\"elementor-element elementor-element-b1a8f0d elementor-widget elementor-widget-text-editor\" data-id=\"b1a8f0d\" data-element_type=\"widget\" data-e-type=\"widget\" data-widget_type=\"text-editor.default\">\n\t\t\t\t<div class=\"elementor-widget-container\">\n\t\t\t\t\t\t\t\t\t<p><strong><a href=\"https:\/\/www.ox.ac.uk\/news-and-events\/find-an-expert\/professor-elspeth-garman\" target=\"_blank\" rel=\"noopener\">Prof. Elspeth Garman<\/a><\/strong><\/p><p>The University of Oxford, Department of Biochemistry,<br \/>Oxford, United Kingdom<br \/><em>scientific advisor<\/em><\/p>\t\t\t\t\t\t\t\t<\/div>\n\t\t\t\t<\/div>\n\t\t\t\t\t<\/div>\n\t\t<\/div>\n\t\t\t\t\t<\/div>\n\t\t<\/section>\n\t\t\t\t<section class=\"elementor-section elementor-top-section elementor-element elementor-element-e7e2c2e elementor-section-boxed elementor-section-height-default elementor-section-height-default\" data-id=\"e7e2c2e\" data-element_type=\"section\" data-e-type=\"section\">\n\t\t\t\t\t\t<div class=\"elementor-container elementor-column-gap-default\">\n\t\t\t\t\t<div class=\"elementor-column elementor-col-33 elementor-top-column elementor-element elementor-element-e199f76\" data-id=\"e199f76\" data-element_type=\"column\" data-e-type=\"column\">\n\t\t\t<div class=\"elementor-widget-wrap elementor-element-populated\">\n\t\t\t\t\t\t<div class=\"elementor-element elementor-element-b6daf3c elementor-widget elementor-widget-image\" data-id=\"b6daf3c\" data-element_type=\"widget\" data-e-type=\"widget\" data-widget_type=\"image.default\">\n\t\t\t\t<div class=\"elementor-widget-container\">\n\t\t\t\t\t\t\t\t\t\t\t\t\t\t\t<img loading=\"lazy\" decoding=\"async\" width=\"150\" height=\"150\" src=\"https:\/\/hrvatska-udruga-kristalografa.hr\/htcc6\/wp-content\/uploads\/2023\/07\/abuhammad-scaled-e1654789404234-150x150-1.jpg\" class=\"attachment-large size-large wp-image-597\" alt=\"\" \/>\t\t\t\t\t\t\t\t\t\t\t\t\t\t\t<\/div>\n\t\t\t\t<\/div>\n\t\t\t\t\t<\/div>\n\t\t<\/div>\n\t\t\t\t<div class=\"elementor-column elementor-col-66 elementor-top-column elementor-element elementor-element-83b996c\" data-id=\"83b996c\" data-element_type=\"column\" data-e-type=\"column\">\n\t\t\t<div class=\"elementor-widget-wrap elementor-element-populated\">\n\t\t\t\t\t\t<div class=\"elementor-element elementor-element-4be0d8a elementor-widget elementor-widget-text-editor\" data-id=\"4be0d8a\" data-element_type=\"widget\" data-e-type=\"widget\" data-widget_type=\"text-editor.default\">\n\t\t\t\t<div class=\"elementor-widget-container\">\n\t\t\t\t\t\t\t\t\t<p><strong><a href=\"http:\/\/eacademic.ju.edu.jo\/a.abuhammad\/Pages\/AboutMe.aspx\">Prof. Areej Abuhammad<\/a><\/strong><\/p><p>The University of Jordan, Faculty of Pharmacy<br \/>Amman, Jordan<br \/><em>scientific adviser<\/em><\/p>\t\t\t\t\t\t\t\t<\/div>\n\t\t\t\t<\/div>\n\t\t\t\t\t<\/div>\n\t\t<\/div>\n\t\t\t\t\t<\/div>\n\t\t<\/section>\n\t\t\t\t<section class=\"elementor-section elementor-top-section elementor-element elementor-element-da9e4da elementor-section-boxed elementor-section-height-default elementor-section-height-default\" data-id=\"da9e4da\" data-element_type=\"section\" data-e-type=\"section\">\n\t\t\t\t\t\t<div class=\"elementor-container elementor-column-gap-default\">\n\t\t\t\t\t<div class=\"elementor-column elementor-col-33 elementor-top-column elementor-element elementor-element-95044a0\" data-id=\"95044a0\" data-element_type=\"column\" data-e-type=\"column\">\n\t\t\t<div class=\"elementor-widget-wrap elementor-element-populated\">\n\t\t\t\t\t\t<div class=\"elementor-element elementor-element-dd5cffe elementor-widget elementor-widget-image\" data-id=\"dd5cffe\" data-element_type=\"widget\" data-e-type=\"widget\" data-widget_type=\"image.default\">\n\t\t\t\t<div class=\"elementor-widget-container\">\n\t\t\t\t\t\t\t\t\t\t\t\t\t\t\t<img loading=\"lazy\" decoding=\"async\" width=\"150\" height=\"150\" src=\"https:\/\/hrvatska-udruga-kristalografa.hr\/htcc6\/wp-content\/uploads\/2023\/07\/IMG_3254-e1572424430875-150x150-1.jpg\" class=\"attachment-large size-large wp-image-1151\" alt=\"\" \/>\t\t\t\t\t\t\t\t\t\t\t\t\t\t\t<\/div>\n\t\t\t\t<\/div>\n\t\t\t\t\t<\/div>\n\t\t<\/div>\n\t\t\t\t<div class=\"elementor-column elementor-col-66 elementor-top-column elementor-element elementor-element-b1a02ca\" data-id=\"b1a02ca\" data-element_type=\"column\" data-e-type=\"column\">\n\t\t\t<div class=\"elementor-widget-wrap elementor-element-populated\">\n\t\t\t\t\t\t<div class=\"elementor-element elementor-element-e9824a3 elementor-widget elementor-widget-text-editor\" data-id=\"e9824a3\" data-element_type=\"widget\" data-e-type=\"widget\" data-widget_type=\"text-editor.default\">\n\t\t\t\t<div class=\"elementor-widget-container\">\n\t\t\t\t\t\t\t\t\t<p><a href=\"https:\/\/htcc6.org\/about-us\/committee\/ana.santic@irb.hr\">Dr.Sc. Ana \u0160anti\u0107<\/a><\/p><p>Ru\u0111er Bo\u0161kovi\u0107 Institute<br \/>Zagreb, Croatia<br \/><em>secretary<\/em><\/p>\t\t\t\t\t\t\t\t<\/div>\n\t\t\t\t<\/div>\n\t\t\t\t\t<\/div>\n\t\t<\/div>\n\t\t\t\t\t<\/div>\n\t\t<\/section>\n\t\t\t\t<section class=\"elementor-section elementor-top-section elementor-element elementor-element-ac9803c elementor-section-boxed elementor-section-height-default elementor-section-height-default\" data-id=\"ac9803c\" data-element_type=\"section\" data-e-type=\"section\">\n\t\t\t\t\t\t<div class=\"elementor-container elementor-column-gap-default\">\n\t\t\t\t\t<div class=\"elementor-column elementor-col-33 elementor-top-column elementor-element elementor-element-c2b7290\" data-id=\"c2b7290\" data-element_type=\"column\" data-e-type=\"column\">\n\t\t\t<div class=\"elementor-widget-wrap elementor-element-populated\">\n\t\t\t\t\t\t<div class=\"elementor-element elementor-element-27c2499 elementor-widget elementor-widget-image\" data-id=\"27c2499\" data-element_type=\"widget\" data-e-type=\"widget\" data-widget_type=\"image.default\">\n\t\t\t\t<div class=\"elementor-widget-container\">\n\t\t\t\t\t\t\t\t\t\t\t\t\t\t\t<img loading=\"lazy\" decoding=\"async\" width=\"150\" height=\"150\" src=\"https:\/\/hrvatska-udruga-kristalografa.hr\/htcc6\/wp-content\/uploads\/2023\/09\/image1-e1572525398419-939x1024-1-150x150-1.jpeg\" class=\"attachment-large size-large wp-image-1631\" alt=\"\" \/>\t\t\t\t\t\t\t\t\t\t\t\t\t\t\t<\/div>\n\t\t\t\t<\/div>\n\t\t\t\t\t<\/div>\n\t\t<\/div>\n\t\t\t\t<div class=\"elementor-column elementor-col-66 elementor-top-column elementor-element elementor-element-1732823\" data-id=\"1732823\" data-element_type=\"column\" data-e-type=\"column\">\n\t\t\t<div class=\"elementor-widget-wrap elementor-element-populated\">\n\t\t\t\t\t\t<div class=\"elementor-element elementor-element-e72b770 elementor-widget elementor-widget-text-editor\" data-id=\"e72b770\" data-element_type=\"widget\" data-e-type=\"widget\" data-widget_type=\"text-editor.default\">\n\t\t\t\t<div class=\"elementor-widget-container\">\n\t\t\t\t\t\t\t\t\t<p><strong><a href=\"https:\/\/www.irb.hr\/eng\/About-RBI\/People\/Jasminka-Popovic\" target=\"_blank\" rel=\"noopener\">Dr.Sc. Jasminka Popovi\u0107<\/a><\/strong><\/p><p>Ru\u0111er Bo\u0161kovi\u0107 Institute<br \/>Zagreb, Croatia<br \/><em>treasurer<\/em><\/p>\t\t\t\t\t\t\t\t<\/div>\n\t\t\t\t<\/div>\n\t\t\t\t\t<\/div>\n\t\t<\/div>\n\t\t\t\t\t<\/div>\n\t\t<\/section>\n\t\t\t\t<section class=\"elementor-section elementor-top-section elementor-element elementor-element-5d83c7d elementor-section-boxed elementor-section-height-default elementor-section-height-default\" data-id=\"5d83c7d\" data-element_type=\"section\" data-e-type=\"section\">\n\t\t\t\t\t\t<div class=\"elementor-container elementor-column-gap-default\">\n\t\t\t\t\t<div class=\"elementor-column elementor-col-33 elementor-top-column elementor-element elementor-element-6d127fa\" data-id=\"6d127fa\" data-element_type=\"column\" data-e-type=\"column\">\n\t\t\t<div class=\"elementor-widget-wrap elementor-element-populated\">\n\t\t\t\t\t\t<div class=\"elementor-element elementor-element-e8249fc elementor-widget elementor-widget-image\" data-id=\"e8249fc\" data-element_type=\"widget\" data-e-type=\"widget\" data-widget_type=\"image.default\">\n\t\t\t\t<div class=\"elementor-widget-container\">\n\t\t\t\t\t\t\t\t\t\t\t\t\t\t\t<img loading=\"lazy\" decoding=\"async\" width=\"150\" height=\"150\" src=\"https:\/\/hrvatska-udruga-kristalografa.hr\/htcc6\/wp-content\/uploads\/2023\/09\/289788380_10220839243707530_2809631363673226443_n-e1659281923379-150x150-1.jpg\" class=\"attachment-large size-large wp-image-1628\" alt=\"\" \/>\t\t\t\t\t\t\t\t\t\t\t\t\t\t\t<\/div>\n\t\t\t\t<\/div>\n\t\t\t\t\t<\/div>\n\t\t<\/div>\n\t\t\t\t<div class=\"elementor-column elementor-col-66 elementor-top-column elementor-element elementor-element-78e5454\" data-id=\"78e5454\" data-element_type=\"column\" data-e-type=\"column\">\n\t\t\t<div class=\"elementor-widget-wrap elementor-element-populated\">\n\t\t\t\t\t\t<div class=\"elementor-element elementor-element-0fcab7e elementor-widget elementor-widget-text-editor\" data-id=\"0fcab7e\" data-element_type=\"widget\" data-e-type=\"widget\" data-widget_type=\"text-editor.default\">\n\t\t\t\t<div class=\"elementor-widget-container\">\n\t\t\t\t\t\t\t\t\t<p><strong><a href=\"https:\/\/www.irb.hr\/eng\/About-RBI\/People\/Alen-Bjelopetrovic\" target=\"_blank\" rel=\"noopener\">Dr.Sc. Alen Bjelopetrovi\u0107<\/a><\/strong><\/p><p>Ru\u0111er Bo\u0161kovi\u0107 Institute<br \/>Zagreb, Croatia<br \/><em>web editor &amp; community manager<\/em><\/p>\t\t\t\t\t\t\t\t<\/div>\n\t\t\t\t<\/div>\n\t\t\t\t\t<\/div>\n\t\t<\/div>\n\t\t\t\t\t<\/div>\n\t\t<\/section>\n\t\t\t\t<\/div>\n\t\t","protected":false},"excerpt":{"rendered":"<p>Scientific &#038; Organizing Committee of the HTCC6 Dr.Sc. Aleksandar Vi\u0161njevac Ru\u0111er Bo\u0161kovi\u0107 InstituteZagreb, Croatiachair Dr.Sc. Martina Vranki\u0107 Ru\u0111er Bo\u0161kovi\u0107 InstituteZagreb, Croatiaco-chair, in charge of bursaries, poster prizes, and organization Dr.Sc. Zoran \u0160tefani\u0107 Ru\u0111er Bo\u0161kovi\u0107 InstituteZagreb, Croatiaco-chair, in charge of scientific programme Prof. Elspeth Garman The University of Oxford, Department of Biochemistry,Oxford, United Kingdomscientific advisor Prof. [&hellip;]<\/p>\n","protected":false},"author":1,"featured_media":0,"parent":83,"menu_order":0,"comment_status":"closed","ping_status":"closed","template":"","meta":{"footnotes":""},"class_list":["post-87","page","type-page","status-publish","hentry"],"_links":{"self":[{"href":"https:\/\/hrvatska-udruga-kristalografa.hr\/htcc6\/wp-json\/wp\/v2\/pages\/87","targetHints":{"allow":["GET"]}}],"collection":[{"href":"https:\/\/hrvatska-udruga-kristalografa.hr\/htcc6\/wp-json\/wp\/v2\/pages"}],"about":[{"href":"https:\/\/hrvatska-udruga-kristalografa.hr\/htcc6\/wp-json\/wp\/v2\/types\/page"}],"author":[{"embeddable":true,"href":"https:\/\/hrvatska-udruga-kristalografa.hr\/htcc6\/wp-json\/wp\/v2\/users\/1"}],"replies":[{"embeddable":true,"href":"https:\/\/hrvatska-udruga-kristalografa.hr\/htcc6\/wp-json\/wp\/v2\/comments?post=87"}],"version-history":[{"count":44,"href":"https:\/\/hrvatska-udruga-kristalografa.hr\/htcc6\/wp-json\/wp\/v2\/pages\/87\/revisions"}],"predecessor-version":[{"id":1638,"href":"https:\/\/hrvatska-udruga-kristalografa.hr\/htcc6\/wp-json\/wp\/v2\/pages\/87\/revisions\/1638"}],"up":[{"embeddable":true,"href":"https:\/\/hrvatska-udruga-kristalografa.hr\/htcc6\/wp-json\/wp\/v2\/pages\/83"}],"wp:attachment":[{"href":"https:\/\/hrvatska-udruga-kristalografa.hr\/htcc6\/wp-json\/wp\/v2\/media?parent=87"}],"curies":[{"name":"wp","href":"https:\/\/api.w.org\/{rel}","templated":true}]}}