{"id":104,"date":"2025-10-23T05:21:52","date_gmt":"2025-10-23T05:21:52","guid":{"rendered":"https:\/\/hrvatska-udruga-kristalografa.hr\/olex2026\/?page_id=104"},"modified":"2026-02-05T10:51:57","modified_gmt":"2026-02-05T10:51:57","slug":"organizers","status":"publish","type":"page","link":"https:\/\/hrvatska-udruga-kristalografa.hr\/olex2026\/organizers\/","title":{"rendered":"People &amp; Contact"},"content":{"rendered":"\n<p>For any inquiry you may have related to the workshop, please simply <a href=\"mailto:olex2_a2z@irb.hr;\" data-type=\"mailto\" data-id=\"mailto:olex2_a2z@irb.hr;\">send us an email<\/a>.<\/p>\n\n\n\n<p>For any question related to <strong>your accommodation<\/strong>, please email at <a href=\"mailto:akademis@scdu.hr\">akademis@scdu.hr<\/a>.<\/p>\n\n\n\n<p><strong>Shipping<\/strong> of any material should be addressed to:<\/p>\n\n\n\n<p style=\"line-height:0.3\">Hrvatska udruga kristalografa<\/p>\n\n\n\n<p style=\"line-height:0.3\">Institut Ru\u0111er Bo\u0161kovi\u0107<\/p>\n\n\n\n<p style=\"line-height:0.3\">Bijeni\u010dka 54<\/p>\n\n\n\n<p style=\"line-height:0.3\">10000 Zagreb<\/p>\n\n\n\n<p style=\"line-height:0.3\">Croatia<\/p>\n\n\n\n<p>OLEX2 A2Z is organized jointly by the <a href=\"http:\/\/hrvatska-udruga-kristalografa.hr\" data-type=\"link\" data-id=\"hrvatska-udruga-kristalografa.hr\" target=\"_blank\" rel=\"noreferrer noopener\">Croatian Association of Crystallographers (CAC)<\/a> and <a href=\"http:\/\/www.olexsys.org\" data-type=\"link\" data-id=\"www.olexsys.org\" target=\"_blank\" rel=\"noreferrer noopener\">OlexSys<\/a>. People behind &amp; on the scenes of OLEX2 A2Z are: <strong>Aleksandar Vi\u0161njevac<\/strong> (Head of the organizing committee), <strong>Horst Puschmann<\/strong> (Programme coordinator), <strong>Ana \u0160anti\u0107<\/strong> (Secretary of the organizing committee), <strong>Zoran \u0160tefani\u0107<\/strong> (Webmaster) and <strong>Jasminka Popovi\u0107<\/strong> (Financial manager).<\/p>\n\n\n\n<figure class=\"wp-block-gallery has-nested-images columns-default is-cropped wp-block-gallery-1 is-layout-flex wp-block-gallery-is-layout-flex\">\n<figure class=\"wp-block-image size-large\"><img loading=\"lazy\" decoding=\"async\" width=\"762\" height=\"762\" data-id=\"107\" src=\"https:\/\/hrvatska-udruga-kristalografa.hr\/olex2026\/wp-content\/uploads\/2025\/10\/visnjevac-nova.jpg\" alt=\"\" class=\"wp-image-107\" srcset=\"https:\/\/hrvatska-udruga-kristalografa.hr\/olex2026\/wp-content\/uploads\/2025\/10\/visnjevac-nova.jpg 762w, https:\/\/hrvatska-udruga-kristalografa.hr\/olex2026\/wp-content\/uploads\/2025\/10\/visnjevac-nova-300x300.jpg 300w, https:\/\/hrvatska-udruga-kristalografa.hr\/olex2026\/wp-content\/uploads\/2025\/10\/visnjevac-nova-150x150.jpg 150w\" sizes=\"auto, (max-width: 762px) 100vw, 762px\" \/><figcaption class=\"wp-element-caption\">Aleksandar Vi\u0161njevac<\/figcaption><\/figure>\n\n\n\n<figure class=\"wp-block-image size-large\"><img loading=\"lazy\" decoding=\"async\" width=\"507\" height=\"507\" data-id=\"109\" src=\"https:\/\/hrvatska-udruga-kristalografa.hr\/olex2026\/wp-content\/uploads\/2025\/10\/HP-e1761198780186.webp\" alt=\"\" class=\"wp-image-109\" srcset=\"https:\/\/hrvatska-udruga-kristalografa.hr\/olex2026\/wp-content\/uploads\/2025\/10\/HP-e1761198780186.webp 507w, https:\/\/hrvatska-udruga-kristalografa.hr\/olex2026\/wp-content\/uploads\/2025\/10\/HP-e1761198780186-300x300.webp 300w, https:\/\/hrvatska-udruga-kristalografa.hr\/olex2026\/wp-content\/uploads\/2025\/10\/HP-e1761198780186-150x150.webp 150w\" sizes=\"auto, (max-width: 507px) 100vw, 507px\" \/><figcaption class=\"wp-element-caption\">Horst Puschmann<\/figcaption><\/figure>\n\n\n\n<figure class=\"wp-block-image size-large\"><img loading=\"lazy\" decoding=\"async\" width=\"200\" height=\"250\" data-id=\"113\" src=\"https:\/\/hrvatska-udruga-kristalografa.hr\/olex2026\/wp-content\/uploads\/2025\/10\/image-1.png\" alt=\"\" class=\"wp-image-113\"\/><figcaption class=\"wp-element-caption\">Ana \u0160anti\u0107<\/figcaption><\/figure>\n\n\n\n<figure class=\"wp-block-image size-large\"><img loading=\"lazy\" decoding=\"async\" width=\"1024\" height=\"999\" data-id=\"125\" src=\"https:\/\/hrvatska-udruga-kristalografa.hr\/olex2026\/wp-content\/uploads\/2025\/10\/Zo-1024x999.jpg\" alt=\"\" class=\"wp-image-125\" srcset=\"https:\/\/hrvatska-udruga-kristalografa.hr\/olex2026\/wp-content\/uploads\/2025\/10\/Zo-1024x999.jpg 1024w, https:\/\/hrvatska-udruga-kristalografa.hr\/olex2026\/wp-content\/uploads\/2025\/10\/Zo-300x293.jpg 300w, https:\/\/hrvatska-udruga-kristalografa.hr\/olex2026\/wp-content\/uploads\/2025\/10\/Zo-768x750.jpg 768w, https:\/\/hrvatska-udruga-kristalografa.hr\/olex2026\/wp-content\/uploads\/2025\/10\/Zo-1536x1499.jpg 1536w, https:\/\/hrvatska-udruga-kristalografa.hr\/olex2026\/wp-content\/uploads\/2025\/10\/Zo-2048x1999.jpg 2048w\" sizes=\"auto, (max-width: 1024px) 100vw, 1024px\" \/><figcaption class=\"wp-element-caption\">Zoran \u0160tefani\u0107<\/figcaption><\/figure>\n\n\n\n<figure class=\"wp-block-image size-large\"><img loading=\"lazy\" decoding=\"async\" width=\"973\" height=\"1024\" data-id=\"111\" src=\"https:\/\/hrvatska-udruga-kristalografa.hr\/olex2026\/wp-content\/uploads\/2025\/10\/img-973x1024.jpeg\" alt=\"\" class=\"wp-image-111\" srcset=\"https:\/\/hrvatska-udruga-kristalografa.hr\/olex2026\/wp-content\/uploads\/2025\/10\/img-973x1024.jpeg 973w, https:\/\/hrvatska-udruga-kristalografa.hr\/olex2026\/wp-content\/uploads\/2025\/10\/img-285x300.jpeg 285w, https:\/\/hrvatska-udruga-kristalografa.hr\/olex2026\/wp-content\/uploads\/2025\/10\/img-768x808.jpeg 768w, https:\/\/hrvatska-udruga-kristalografa.hr\/olex2026\/wp-content\/uploads\/2025\/10\/img-1459x1536.jpeg 1459w, https:\/\/hrvatska-udruga-kristalografa.hr\/olex2026\/wp-content\/uploads\/2025\/10\/img-1945x2048.jpeg 1945w\" sizes=\"auto, (max-width: 973px) 100vw, 973px\" \/><figcaption class=\"wp-element-caption\">Jasminka Popovi\u0107<\/figcaption><\/figure>\n<\/figure>\n","protected":false},"excerpt":{"rendered":"<p>For any inquiry you may have related to the workshop, please simply send us an email. For any question related to your accommodation, please email at akademis@scdu.hr. Shipping of any material should be addressed to: Hrvatska udruga kristalografa Institut Ru\u0111er Bo\u0161kovi\u0107 Bijeni\u010dka 54 10000 Zagreb Croatia OLEX2 A2Z is organized jointly by the Croatian Association [&hellip;]<\/p>\n","protected":false},"author":4,"featured_media":0,"parent":0,"menu_order":1,"comment_status":"closed","ping_status":"closed","template":"","meta":{"footnotes":""},"class_list":["post-104","page","type-page","status-publish","hentry"],"_links":{"self":[{"href":"https:\/\/hrvatska-udruga-kristalografa.hr\/olex2026\/wp-json\/wp\/v2\/pages\/104","targetHints":{"allow":["GET"]}}],"collection":[{"href":"https:\/\/hrvatska-udruga-kristalografa.hr\/olex2026\/wp-json\/wp\/v2\/pages"}],"about":[{"href":"https:\/\/hrvatska-udruga-kristalografa.hr\/olex2026\/wp-json\/wp\/v2\/types\/page"}],"author":[{"embeddable":true,"href":"https:\/\/hrvatska-udruga-kristalografa.hr\/olex2026\/wp-json\/wp\/v2\/users\/4"}],"replies":[{"embeddable":true,"href":"https:\/\/hrvatska-udruga-kristalografa.hr\/olex2026\/wp-json\/wp\/v2\/comments?post=104"}],"version-history":[{"count":24,"href":"https:\/\/hrvatska-udruga-kristalografa.hr\/olex2026\/wp-json\/wp\/v2\/pages\/104\/revisions"}],"predecessor-version":[{"id":265,"href":"https:\/\/hrvatska-udruga-kristalografa.hr\/olex2026\/wp-json\/wp\/v2\/pages\/104\/revisions\/265"}],"wp:attachment":[{"href":"https:\/\/hrvatska-udruga-kristalografa.hr\/olex2026\/wp-json\/wp\/v2\/media?parent=104"}],"curies":[{"name":"wp","href":"https:\/\/api.w.org\/{rel}","templated":true}]}}